{"id":4307,"date":"2021-08-29T09:21:09","date_gmt":"2021-08-29T07:21:09","guid":{"rendered":"https:\/\/deadeimari.it\/?page_id=4307"},"modified":"2023-10-09T08:54:25","modified_gmt":"2023-10-09T06:54:25","slug":"ueber-uns","status":"publish","type":"page","link":"https:\/\/deadeimari.it\/de\/ueber-uns\/","title":{"rendered":"\u00fcber uns"},"content":{"rendered":"\t\t<div data-elementor-type=\"wp-page\" data-elementor-id=\"4307\" class=\"elementor elementor-4307 elementor-303\" data-elementor-post-type=\"page\">\n\t\t\t\t\t\t<section class=\"elementor-section elementor-top-section elementor-element elementor-element-2af475b elementor-section-boxed elementor-section-height-default elementor-section-height-default\" data-id=\"2af475b\" data-element_type=\"section\" data-e-type=\"section\">\n\t\t\t\t\t\t<div class=\"elementor-container elementor-column-gap-default\">\n\t\t\t\t\t<div class=\"elementor-column elementor-col-100 elementor-top-column elementor-element elementor-element-8131d7f\" data-id=\"8131d7f\" data-element_type=\"column\" data-e-type=\"column\">\n\t\t\t<div class=\"elementor-widget-wrap elementor-element-populated\">\n\t\t\t\t\t\t<div class=\"elementor-element elementor-element-b9166c9 elementor-widget elementor-widget-heading\" data-id=\"b9166c9\" data-element_type=\"widget\" data-e-type=\"widget\" data-widget_type=\"heading.default\">\n\t\t\t\t<div class=\"elementor-widget-container\">\n\t\t\t\t\t<h2 class=\"elementor-heading-title elementor-size-default\">about us<\/h2>\t\t\t\t<\/div>\n\t\t\t\t<\/div>\n\t\t\t\t<div class=\"elementor-element elementor-element-735f65b elementor-widget elementor-widget-text-editor\" data-id=\"735f65b\" data-element_type=\"widget\" data-e-type=\"widget\" data-widget_type=\"text-editor.default\">\n\t\t\t\t<div class=\"elementor-widget-container\">\n\t\t\t\t\t\t\t\t\t<h4><span style=\"color: #333333;\"><img fetchpriority=\"high\" decoding=\"async\" class=\"wp-image-308 alignleft\" src=\"https:\/\/deadeimari.it\/wp-content\/uploads\/2021\/08\/31-300x300.jpg\" alt=\"\" width=\"237\" height=\"237\" srcset=\"https:\/\/deadeimari.it\/wp-content\/uploads\/2021\/08\/31-300x300.jpg 300w, https:\/\/deadeimari.it\/wp-content\/uploads\/2021\/08\/31-150x150.jpg 150w, https:\/\/deadeimari.it\/wp-content\/uploads\/2021\/08\/31.jpg 646w\" sizes=\"(max-width: 237px) 100vw, 237px\" \/><\/span>Willkommen an Bord!<\/h4><p><strong>Dea dei Mari s.r.l.<\/strong> wurde 2006 gegr\u00fcndet und im Laufe der Jahre haben wir uns zunehmend auf das Chartergesch\u00e4ft konzentriert und unsere Organisation sowie unsere F\u00e4higkeit, Boote zu verwalten und zu warten, st\u00e4ndig verbessert.<\/p><p>Wenn Sie eine Meinung \u00fcber uns erfahren m\u00f6chten, empfehlen wir Ihnen ein Gespr\u00e4ch mit Kunden oder, noch besser, mit nautischen Agenturen, die uns immer h\u00e4ufiger damit beauftragen, ihre Kunden zum Boot zu schicken<\/p><p>Bei uns k\u00f6nnen Sie Ihren Urlaub in Ligurien und der Toskana planen, indem Sie eines unserer Boote mieten.<\/p><p><br \/>Dea dei Mari s.r.l. Dar\u00fcber hinaus bietet es Teambuilding- und Event-Dienstleistungen sowie Transfers an und verwaltet insbesondere Boote in allen Belangen im Auftrag von Reedern.<br \/>Guter Wind&#8230;bei uns<\/p><p><span style=\"color: #333333;\"><strong>\u00a0<\/strong><\/span><\/p>\t\t\t\t\t\t\t\t<\/div>\n\t\t\t\t<\/div>\n\t\t\t\t\t<\/div>\n\t\t<\/div>\n\t\t\t\t\t<\/div>\n\t\t<\/section>\n\t\t\t\t<\/div>\n\t\t","protected":false},"excerpt":{"rendered":"<p>about us Willkommen an Bord! Dea dei Mari s.r.l. wurde 2006 gegr\u00fcndet und im Laufe der Jahre haben wir uns zunehmend auf das Chartergesch\u00e4ft konzentriert und unsere Organisation sowie unsere F\u00e4higkeit, Boote zu verwalten und zu warten, st\u00e4ndig verbessert. Wenn Sie eine Meinung \u00fcber uns erfahren m\u00f6chten, empfehlen wir Ihnen ein Gespr\u00e4ch mit Kunden oder, [&hellip;]<\/p>\n","protected":false},"author":1,"featured_media":0,"parent":0,"menu_order":0,"comment_status":"closed","ping_status":"closed","template":"elementor_header_footer","meta":{"footnotes":""},"class_list":["post-4307","page","type-page","status-publish","hentry"],"yoast_head":"<!-- This site is optimized with the Yoast SEO plugin v27.3 - https:\/\/yoast.com\/product\/yoast-seo-wordpress\/ -->\n<title>\u00fcber uns - Dea dei Mari<\/title>\n<meta name=\"robots\" content=\"index, follow, max-snippet:-1, max-image-preview:large, max-video-preview:-1\" \/>\n<link rel=\"canonical\" href=\"https:\/\/deadeimari.it\/de\/ueber-uns\/\" \/>\n<meta property=\"og:locale\" content=\"de_DE\" \/>\n<meta property=\"og:type\" content=\"article\" \/>\n<meta property=\"og:title\" content=\"\u00fcber uns - Dea dei Mari\" \/>\n<meta property=\"og:description\" content=\"about us Willkommen an Bord! Dea dei Mari s.r.l. wurde 2006 gegr\u00fcndet und im Laufe der Jahre haben wir uns zunehmend auf das Chartergesch\u00e4ft konzentriert und unsere Organisation sowie unsere F\u00e4higkeit, Boote zu verwalten und zu warten, st\u00e4ndig verbessert. Wenn Sie eine Meinung \u00fcber uns erfahren m\u00f6chten, empfehlen wir Ihnen ein Gespr\u00e4ch mit Kunden oder, [&hellip;]\" \/>\n<meta property=\"og:url\" content=\"https:\/\/deadeimari.it\/de\/ueber-uns\/\" \/>\n<meta property=\"og:site_name\" content=\"Dea dei Mari\" \/>\n<meta property=\"article:publisher\" content=\"https:\/\/it-it.facebook.com\/deadeimari\" \/>\n<meta property=\"article:modified_time\" content=\"2023-10-09T06:54:25+00:00\" \/>\n<meta property=\"og:image\" content=\"https:\/\/deadeimari.it\/wp-content\/uploads\/2021\/08\/31-300x300.jpg\" \/>\n<meta name=\"twitter:card\" content=\"summary_large_image\" \/>\n<meta name=\"twitter:label1\" content=\"Gesch\u00e4tzte Lesezeit\" \/>\n\t<meta name=\"twitter:data1\" content=\"1\u00a0Minute\" \/>\n<script type=\"application\/ld+json\" class=\"yoast-schema-graph\">{\"@context\":\"https:\\\/\\\/schema.org\",\"@graph\":[{\"@type\":\"WebPage\",\"@id\":\"https:\\\/\\\/deadeimari.it\\\/de\\\/ueber-uns\\\/\",\"url\":\"https:\\\/\\\/deadeimari.it\\\/de\\\/ueber-uns\\\/\",\"name\":\"\u00fcber uns - Dea dei Mari\",\"isPartOf\":{\"@id\":\"https:\\\/\\\/deadeimari.it\\\/de\\\/#website\"},\"primaryImageOfPage\":{\"@id\":\"https:\\\/\\\/deadeimari.it\\\/de\\\/ueber-uns\\\/#primaryimage\"},\"image\":{\"@id\":\"https:\\\/\\\/deadeimari.it\\\/de\\\/ueber-uns\\\/#primaryimage\"},\"thumbnailUrl\":\"https:\\\/\\\/deadeimari.it\\\/wp-content\\\/uploads\\\/2021\\\/08\\\/31-300x300.jpg\",\"datePublished\":\"2021-08-29T07:21:09+00:00\",\"dateModified\":\"2023-10-09T06:54:25+00:00\",\"breadcrumb\":{\"@id\":\"https:\\\/\\\/deadeimari.it\\\/de\\\/ueber-uns\\\/#breadcrumb\"},\"inLanguage\":\"de\",\"potentialAction\":[{\"@type\":\"ReadAction\",\"target\":[\"https:\\\/\\\/deadeimari.it\\\/de\\\/ueber-uns\\\/\"]}]},{\"@type\":\"ImageObject\",\"inLanguage\":\"de\",\"@id\":\"https:\\\/\\\/deadeimari.it\\\/de\\\/ueber-uns\\\/#primaryimage\",\"url\":\"https:\\\/\\\/deadeimari.it\\\/wp-content\\\/uploads\\\/2021\\\/08\\\/31-300x300.jpg\",\"contentUrl\":\"https:\\\/\\\/deadeimari.it\\\/wp-content\\\/uploads\\\/2021\\\/08\\\/31-300x300.jpg\"},{\"@type\":\"BreadcrumbList\",\"@id\":\"https:\\\/\\\/deadeimari.it\\\/de\\\/ueber-uns\\\/#breadcrumb\",\"itemListElement\":[{\"@type\":\"ListItem\",\"position\":1,\"name\":\"Home\",\"item\":\"https:\\\/\\\/deadeimari.it\\\/de\\\/\"},{\"@type\":\"ListItem\",\"position\":2,\"name\":\"\u00fcber uns\"}]},{\"@type\":\"WebSite\",\"@id\":\"https:\\\/\\\/deadeimari.it\\\/de\\\/#website\",\"url\":\"https:\\\/\\\/deadeimari.it\\\/de\\\/\",\"name\":\"Dea dei Mari\",\"description\":\"Noleggio barche a vela La Spezia, Portovenere, Fezzano e Castiglioncello.\",\"publisher\":{\"@id\":\"https:\\\/\\\/deadeimari.it\\\/de\\\/#organization\"},\"alternateName\":\"deadeimari\",\"potentialAction\":[{\"@type\":\"SearchAction\",\"target\":{\"@type\":\"EntryPoint\",\"urlTemplate\":\"https:\\\/\\\/deadeimari.it\\\/de\\\/?s={search_term_string}\"},\"query-input\":{\"@type\":\"PropertyValueSpecification\",\"valueRequired\":true,\"valueName\":\"search_term_string\"}}],\"inLanguage\":\"de\"},{\"@type\":\"Organization\",\"@id\":\"https:\\\/\\\/deadeimari.it\\\/de\\\/#organization\",\"name\":\"Dea dei Mari s.r.l.\",\"alternateName\":\"deadeimari\",\"url\":\"https:\\\/\\\/deadeimari.it\\\/de\\\/\",\"logo\":{\"@type\":\"ImageObject\",\"inLanguage\":\"de\",\"@id\":\"https:\\\/\\\/deadeimari.it\\\/de\\\/#\\\/schema\\\/logo\\\/image\\\/\",\"url\":\"https:\\\/\\\/deadeimari.it\\\/wp-content\\\/uploads\\\/2025\\\/03\\\/LOGO-DEA-DEI-MARI.jpg\",\"contentUrl\":\"https:\\\/\\\/deadeimari.it\\\/wp-content\\\/uploads\\\/2025\\\/03\\\/LOGO-DEA-DEI-MARI.jpg\",\"width\":1500,\"height\":1500,\"caption\":\"Dea dei Mari s.r.l.\"},\"image\":{\"@id\":\"https:\\\/\\\/deadeimari.it\\\/de\\\/#\\\/schema\\\/logo\\\/image\\\/\"},\"sameAs\":[\"https:\\\/\\\/it-it.facebook.com\\\/deadeimari\"]}]}<\/script>\n<!-- \/ Yoast SEO plugin. -->","yoast_head_json":{"title":"\u00fcber uns - Dea dei Mari","robots":{"index":"index","follow":"follow","max-snippet":"max-snippet:-1","max-image-preview":"max-image-preview:large","max-video-preview":"max-video-preview:-1"},"canonical":"https:\/\/deadeimari.it\/de\/ueber-uns\/","og_locale":"de_DE","og_type":"article","og_title":"\u00fcber uns - Dea dei Mari","og_description":"about us Willkommen an Bord! Dea dei Mari s.r.l. wurde 2006 gegr\u00fcndet und im Laufe der Jahre haben wir uns zunehmend auf das Chartergesch\u00e4ft konzentriert und unsere Organisation sowie unsere F\u00e4higkeit, Boote zu verwalten und zu warten, st\u00e4ndig verbessert. Wenn Sie eine Meinung \u00fcber uns erfahren m\u00f6chten, empfehlen wir Ihnen ein Gespr\u00e4ch mit Kunden oder, [&hellip;]","og_url":"https:\/\/deadeimari.it\/de\/ueber-uns\/","og_site_name":"Dea dei Mari","article_publisher":"https:\/\/it-it.facebook.com\/deadeimari","article_modified_time":"2023-10-09T06:54:25+00:00","og_image":[{"url":"https:\/\/deadeimari.it\/wp-content\/uploads\/2021\/08\/31-300x300.jpg","type":"","width":"","height":""}],"twitter_card":"summary_large_image","twitter_misc":{"Gesch\u00e4tzte Lesezeit":"1\u00a0Minute"},"schema":{"@context":"https:\/\/schema.org","@graph":[{"@type":"WebPage","@id":"https:\/\/deadeimari.it\/de\/ueber-uns\/","url":"https:\/\/deadeimari.it\/de\/ueber-uns\/","name":"\u00fcber uns - Dea dei Mari","isPartOf":{"@id":"https:\/\/deadeimari.it\/de\/#website"},"primaryImageOfPage":{"@id":"https:\/\/deadeimari.it\/de\/ueber-uns\/#primaryimage"},"image":{"@id":"https:\/\/deadeimari.it\/de\/ueber-uns\/#primaryimage"},"thumbnailUrl":"https:\/\/deadeimari.it\/wp-content\/uploads\/2021\/08\/31-300x300.jpg","datePublished":"2021-08-29T07:21:09+00:00","dateModified":"2023-10-09T06:54:25+00:00","breadcrumb":{"@id":"https:\/\/deadeimari.it\/de\/ueber-uns\/#breadcrumb"},"inLanguage":"de","potentialAction":[{"@type":"ReadAction","target":["https:\/\/deadeimari.it\/de\/ueber-uns\/"]}]},{"@type":"ImageObject","inLanguage":"de","@id":"https:\/\/deadeimari.it\/de\/ueber-uns\/#primaryimage","url":"https:\/\/deadeimari.it\/wp-content\/uploads\/2021\/08\/31-300x300.jpg","contentUrl":"https:\/\/deadeimari.it\/wp-content\/uploads\/2021\/08\/31-300x300.jpg"},{"@type":"BreadcrumbList","@id":"https:\/\/deadeimari.it\/de\/ueber-uns\/#breadcrumb","itemListElement":[{"@type":"ListItem","position":1,"name":"Home","item":"https:\/\/deadeimari.it\/de\/"},{"@type":"ListItem","position":2,"name":"\u00fcber uns"}]},{"@type":"WebSite","@id":"https:\/\/deadeimari.it\/de\/#website","url":"https:\/\/deadeimari.it\/de\/","name":"Dea dei Mari","description":"Noleggio barche a vela La Spezia, Portovenere, Fezzano e Castiglioncello.","publisher":{"@id":"https:\/\/deadeimari.it\/de\/#organization"},"alternateName":"deadeimari","potentialAction":[{"@type":"SearchAction","target":{"@type":"EntryPoint","urlTemplate":"https:\/\/deadeimari.it\/de\/?s={search_term_string}"},"query-input":{"@type":"PropertyValueSpecification","valueRequired":true,"valueName":"search_term_string"}}],"inLanguage":"de"},{"@type":"Organization","@id":"https:\/\/deadeimari.it\/de\/#organization","name":"Dea dei Mari s.r.l.","alternateName":"deadeimari","url":"https:\/\/deadeimari.it\/de\/","logo":{"@type":"ImageObject","inLanguage":"de","@id":"https:\/\/deadeimari.it\/de\/#\/schema\/logo\/image\/","url":"https:\/\/deadeimari.it\/wp-content\/uploads\/2025\/03\/LOGO-DEA-DEI-MARI.jpg","contentUrl":"https:\/\/deadeimari.it\/wp-content\/uploads\/2025\/03\/LOGO-DEA-DEI-MARI.jpg","width":1500,"height":1500,"caption":"Dea dei Mari s.r.l."},"image":{"@id":"https:\/\/deadeimari.it\/de\/#\/schema\/logo\/image\/"},"sameAs":["https:\/\/it-it.facebook.com\/deadeimari"]}]}},"_links":{"self":[{"href":"https:\/\/deadeimari.it\/de\/wp-json\/wp\/v2\/pages\/4307","targetHints":{"allow":["GET"]}}],"collection":[{"href":"https:\/\/deadeimari.it\/de\/wp-json\/wp\/v2\/pages"}],"about":[{"href":"https:\/\/deadeimari.it\/de\/wp-json\/wp\/v2\/types\/page"}],"author":[{"embeddable":true,"href":"https:\/\/deadeimari.it\/de\/wp-json\/wp\/v2\/users\/1"}],"replies":[{"embeddable":true,"href":"https:\/\/deadeimari.it\/de\/wp-json\/wp\/v2\/comments?post=4307"}],"version-history":[{"count":0,"href":"https:\/\/deadeimari.it\/de\/wp-json\/wp\/v2\/pages\/4307\/revisions"}],"wp:attachment":[{"href":"https:\/\/deadeimari.it\/de\/wp-json\/wp\/v2\/media?parent=4307"}],"curies":[{"name":"wp","href":"https:\/\/api.w.org\/{rel}","templated":true}]}}