{"id":4310,"date":"2023-10-09T05:43:11","date_gmt":"2023-10-09T03:43:11","guid":{"rendered":"https:\/\/deadeimari.it\/?page_id=4310"},"modified":"2023-10-09T07:04:17","modified_gmt":"2023-10-09T05:04:17","slug":"yachtmanagement","status":"publish","type":"page","link":"https:\/\/deadeimari.it\/de\/yachtmanagement\/","title":{"rendered":"Yachtmanagement"},"content":{"rendered":"\t\t<div data-elementor-type=\"wp-page\" data-elementor-id=\"4310\" class=\"elementor elementor-4310 elementor-1077\" data-elementor-post-type=\"page\">\n\t\t\t\t\t\t<section class=\"elementor-section elementor-top-section elementor-element elementor-element-961c784 elementor-section-boxed elementor-section-height-default elementor-section-height-default\" data-id=\"961c784\" data-element_type=\"section\" data-e-type=\"section\">\n\t\t\t\t\t\t<div class=\"elementor-container elementor-column-gap-default\">\n\t\t\t\t\t<div class=\"elementor-column elementor-col-100 elementor-top-column elementor-element elementor-element-8340765\" data-id=\"8340765\" data-element_type=\"column\" data-e-type=\"column\">\n\t\t\t<div class=\"elementor-widget-wrap elementor-element-populated\">\n\t\t\t\t\t\t<div class=\"elementor-element elementor-element-a3e7240 elementor-widget elementor-widget-heading\" data-id=\"a3e7240\" data-element_type=\"widget\" data-e-type=\"widget\" data-widget_type=\"heading.default\">\n\t\t\t\t<div class=\"elementor-widget-container\">\n\t\t\t\t\t<h1 class=\"elementor-heading-title elementor-size-default\">Yachtmanagement die 3 M\u00f6glichkeiten<\/h1>\t\t\t\t<\/div>\n\t\t\t\t<\/div>\n\t\t\t\t\t<\/div>\n\t\t<\/div>\n\t\t\t\t\t<\/div>\n\t\t<\/section>\n\t\t\t\t<section class=\"elementor-section elementor-top-section elementor-element elementor-element-3e0e003 elementor-section-boxed elementor-section-height-default elementor-section-height-default\" data-id=\"3e0e003\" data-element_type=\"section\" data-e-type=\"section\">\n\t\t\t\t\t\t<div class=\"elementor-container elementor-column-gap-default\">\n\t\t\t\t\t<div class=\"elementor-column elementor-col-50 elementor-top-column elementor-element elementor-element-1d00a84\" data-id=\"1d00a84\" data-element_type=\"column\" data-e-type=\"column\">\n\t\t\t<div class=\"elementor-widget-wrap elementor-element-populated\">\n\t\t\t\t\t\t<div class=\"elementor-element elementor-element-4396b2a elementor-widget elementor-widget-heading\" data-id=\"4396b2a\" data-element_type=\"widget\" data-e-type=\"widget\" data-widget_type=\"heading.default\">\n\t\t\t\t<div class=\"elementor-widget-container\">\n\t\t\t\t\t<h2 class=\"elementor-heading-title elementor-size-default\">Urkunden<\/h2>\t\t\t\t<\/div>\n\t\t\t\t<\/div>\n\t\t\t\t<div class=\"elementor-element elementor-element-813990b elementor-widget elementor-widget-heading\" data-id=\"813990b\" data-element_type=\"widget\" data-e-type=\"widget\" data-widget_type=\"heading.default\">\n\t\t\t\t<div class=\"elementor-widget-container\">\n\t\t\t\t\t<h3 class=\"elementor-heading-title elementor-size-default\">Wir arbeiten an Ihrem Boot, ob neu oder gebraucht.<\/h3>\t\t\t\t<\/div>\n\t\t\t\t<\/div>\n\t\t\t\t<div class=\"elementor-element elementor-element-9980dc5 elementor-widget elementor-widget-text-editor\" data-id=\"9980dc5\" data-element_type=\"widget\" data-e-type=\"widget\" data-widget_type=\"text-editor.default\">\n\t\t\t\t<div class=\"elementor-widget-container\">\n\t\t\t\t\t\t\t\t\t<p>Der Eigent\u00fcmer befreit sich von den Problemen: Reparaturen, Lagerung, Verwaltungskosten, Liegeplatz, ordentliche und vielleicht sogar au\u00dferordentliche Wartung und amortisiert die Anschaffungskosten teilweise. Dar\u00fcber hinaus k\u00f6nnen Sie das Boot auch dann nutzen, wenn es nicht vermietet ist und\/oder zu im Voraus vereinbarten Zeitr\u00e4umen, in der Gewissheit, dass das Boot immer einsatzbereit und in einwandfreiem Zustand ist. Dea dei Mari vereinfacht das Leben des Eigners, da sie wei\u00df, wie man ein zur Miete und\/oder zum Leasing genutztes Boot pflegt, sich um die Marketing- und Kundenverwaltungskosten k\u00fcmmert und den Gesch\u00e4ftserl\u00f6s mit dem Eigner teilt. Wir k\u00f6nnen eine Rendite von 6-8 % auf das investierte Kapital garantieren.<\/p>\t\t\t\t\t\t\t\t<\/div>\n\t\t\t\t<\/div>\n\t\t\t\t<div class=\"elementor-element elementor-element-ad3fab7 elementor-widget elementor-widget-heading\" data-id=\"ad3fab7\" data-element_type=\"widget\" data-e-type=\"widget\" data-widget_type=\"heading.default\">\n\t\t\t\t<div class=\"elementor-widget-container\">\n\t\t\t\t\t<h2 class=\"elementor-heading-title elementor-size-default\">Bootspflege<\/h2>\t\t\t\t<\/div>\n\t\t\t\t<\/div>\n\t\t\t\t<div class=\"elementor-element elementor-element-d48ea73 elementor-widget elementor-widget-heading\" data-id=\"d48ea73\" data-element_type=\"widget\" data-e-type=\"widget\" data-widget_type=\"heading.default\">\n\t\t\t\t<div class=\"elementor-widget-container\">\n\t\t\t\t\t<h3 class=\"elementor-heading-title elementor-size-default\">Wir k\u00fcmmern uns um Ihr Boot.<\/h3>\t\t\t\t<\/div>\n\t\t\t\t<\/div>\n\t\t\t\t<div class=\"elementor-element elementor-element-b1a81fb elementor-widget elementor-widget-text-editor\" data-id=\"b1a81fb\" data-element_type=\"widget\" data-e-type=\"widget\" data-widget_type=\"text-editor.default\">\n\t\t\t\t<div class=\"elementor-widget-container\">\n\t\t\t\t\t\t\t\t\t<p>Wir \u00fcberpr\u00fcfen es im Hafen, damit Sie es bei Ihrer Ankunft sauber und fahrbereit vorfinden. Wir k\u00f6nnen auch schnelle Interventionsma\u00dfnahmen f\u00fcr alle kleinen Reparaturen durchf\u00fchren, die ein Boot immer ben\u00f6tigt, um effizient und komfortabel zu sein. Wenn Sie neue Instrumente oder Ausr\u00fcstungsverbesserungen ben\u00f6tigen, geh\u00f6rt es zu unserem Job, Ihnen Vorschl\u00e4ge zu machen, was, wo und an wen Sie sich wenden k\u00f6nnen.<\/p>\t\t\t\t\t\t\t\t<\/div>\n\t\t\t\t<\/div>\n\t\t\t\t<div class=\"elementor-element elementor-element-a7b7371 elementor-widget elementor-widget-heading\" data-id=\"a7b7371\" data-element_type=\"widget\" data-e-type=\"widget\" data-widget_type=\"heading.default\">\n\t\t\t\t<div class=\"elementor-widget-container\">\n\t\t\t\t\t<h2 class=\"elementor-heading-title elementor-size-default\">Kaufberatung<\/h2>\t\t\t\t<\/div>\n\t\t\t\t<\/div>\n\t\t\t\t<div class=\"elementor-element elementor-element-86426b8 elementor-widget elementor-widget-heading\" data-id=\"86426b8\" data-element_type=\"widget\" data-e-type=\"widget\" data-widget_type=\"heading.default\">\n\t\t\t\t<div class=\"elementor-widget-container\">\n\t\t\t\t\t<h3 class=\"elementor-heading-title elementor-size-default\">Wir helfen Ihnen bei der Auswahl Ihres Bootes<\/h3>\t\t\t\t<\/div>\n\t\t\t\t<\/div>\n\t\t\t\t<div class=\"elementor-element elementor-element-e8c6b48 elementor-widget elementor-widget-text-editor\" data-id=\"e8c6b48\" data-element_type=\"widget\" data-e-type=\"widget\" data-widget_type=\"text-editor.default\">\n\t\t\t\t<div class=\"elementor-widget-container\">\n\t\t\t\t\t\t\t\t\t<p>Das f\u00fcr Ihre Bed\u00fcrfnisse am besten geeignete Modell, das Sie mit allen erforderlichen Garantien erwerben und das Ihnen technische und betriebliche Unterst\u00fctzung wie \u00dcberwachung der Arbeiten vor Ort, Versicherungspolicen, \u00dcberarbeitung von Sicherheitssystemen und alles, was m\u00f6glicherweise erforderlich ist, einschlie\u00dflich Forschung und Personalmanagement, bietet.<\/p>\t\t\t\t\t\t\t\t<\/div>\n\t\t\t\t<\/div>\n\t\t\t\t\t<\/div>\n\t\t<\/div>\n\t\t\t\t<div class=\"elementor-column elementor-col-50 elementor-top-column elementor-element elementor-element-888c0f5\" data-id=\"888c0f5\" data-element_type=\"column\" data-e-type=\"column\">\n\t\t\t<div class=\"elementor-widget-wrap elementor-element-populated\">\n\t\t\t\t\t\t<div class=\"elementor-element elementor-element-dc45f34 elementor-widget elementor-widget-image\" data-id=\"dc45f34\" data-element_type=\"widget\" data-e-type=\"widget\" data-widget_type=\"image.default\">\n\t\t\t\t<div class=\"elementor-widget-container\">\n\t\t\t\t\t\t\t\t\t\t\t\t\t\t\t<img fetchpriority=\"high\" decoding=\"async\" width=\"1200\" height=\"1600\" src=\"https:\/\/deadeimari.it\/wp-content\/uploads\/2021\/12\/Pua-ext-terra.jpg?wsr\" class=\"attachment-full size-full wp-image-4312\" alt=\"\" srcset=\"https:\/\/deadeimari.it\/wp-content\/uploads\/2021\/12\/Pua-ext-terra.jpg 1200w, https:\/\/deadeimari.it\/wp-content\/uploads\/2021\/12\/Pua-ext-terra-225x300.jpg 225w, https:\/\/deadeimari.it\/wp-content\/uploads\/2021\/12\/Pua-ext-terra-768x1024.jpg 768w, https:\/\/deadeimari.it\/wp-content\/uploads\/2021\/12\/Pua-ext-terra-1152x1536.jpg 1152w\" sizes=\"(max-width: 1200px) 100vw, 1200px\" \/>\t\t\t\t\t\t\t\t\t\t\t\t\t\t\t<\/div>\n\t\t\t\t<\/div>\n\t\t\t\t\t<\/div>\n\t\t<\/div>\n\t\t\t\t\t<\/div>\n\t\t<\/section>\n\t\t\t\t<\/div>\n\t\t","protected":false},"excerpt":{"rendered":"<p>Yachtmanagement die 3 M\u00f6glichkeiten Urkunden Wir arbeiten an Ihrem Boot, ob neu oder gebraucht. Der Eigent\u00fcmer befreit sich von den Problemen: Reparaturen, Lagerung, Verwaltungskosten, Liegeplatz, ordentliche und vielleicht sogar au\u00dferordentliche Wartung und amortisiert die Anschaffungskosten teilweise. Dar\u00fcber hinaus k\u00f6nnen Sie das Boot auch dann nutzen, wenn es nicht vermietet ist und\/oder zu im Voraus vereinbarten [&hellip;]<\/p>\n","protected":false},"author":1,"featured_media":0,"parent":0,"menu_order":0,"comment_status":"closed","ping_status":"closed","template":"","meta":{"footnotes":""},"class_list":["post-4310","page","type-page","status-publish","hentry"],"yoast_head":"<!-- This site is optimized with the Yoast SEO plugin v27.3 - https:\/\/yoast.com\/product\/yoast-seo-wordpress\/ -->\n<title>Yachtmanagement - Dea dei Mari<\/title>\n<meta name=\"robots\" content=\"index, follow, max-snippet:-1, max-image-preview:large, max-video-preview:-1\" \/>\n<link rel=\"canonical\" href=\"https:\/\/deadeimari.it\/de\/yachtmanagement\/\" \/>\n<meta property=\"og:locale\" content=\"de_DE\" \/>\n<meta property=\"og:type\" content=\"article\" \/>\n<meta property=\"og:title\" content=\"Yachtmanagement - Dea dei Mari\" \/>\n<meta property=\"og:description\" content=\"Yachtmanagement die 3 M\u00f6glichkeiten Urkunden Wir arbeiten an Ihrem Boot, ob neu oder gebraucht. Der Eigent\u00fcmer befreit sich von den Problemen: Reparaturen, Lagerung, Verwaltungskosten, Liegeplatz, ordentliche und vielleicht sogar au\u00dferordentliche Wartung und amortisiert die Anschaffungskosten teilweise. Dar\u00fcber hinaus k\u00f6nnen Sie das Boot auch dann nutzen, wenn es nicht vermietet ist und\/oder zu im Voraus vereinbarten [&hellip;]\" \/>\n<meta property=\"og:url\" content=\"https:\/\/deadeimari.it\/de\/yachtmanagement\/\" \/>\n<meta property=\"og:site_name\" content=\"Dea dei Mari\" \/>\n<meta property=\"article:publisher\" content=\"https:\/\/it-it.facebook.com\/deadeimari\" \/>\n<meta property=\"article:modified_time\" content=\"2023-10-09T05:04:17+00:00\" \/>\n<meta property=\"og:image\" content=\"https:\/\/deadeimari.it\/wp-content\/uploads\/2021\/12\/Pua-ext-terra.jpg\" \/>\n<meta name=\"twitter:card\" content=\"summary_large_image\" \/>\n<meta name=\"twitter:label1\" content=\"Gesch\u00e4tzte Lesezeit\" \/>\n\t<meta name=\"twitter:data1\" content=\"1\u00a0Minute\" \/>\n<script type=\"application\/ld+json\" class=\"yoast-schema-graph\">{\"@context\":\"https:\\\/\\\/schema.org\",\"@graph\":[{\"@type\":\"WebPage\",\"@id\":\"https:\\\/\\\/deadeimari.it\\\/de\\\/yachtmanagement\\\/\",\"url\":\"https:\\\/\\\/deadeimari.it\\\/de\\\/yachtmanagement\\\/\",\"name\":\"Yachtmanagement - Dea dei Mari\",\"isPartOf\":{\"@id\":\"https:\\\/\\\/deadeimari.it\\\/de\\\/#website\"},\"primaryImageOfPage\":{\"@id\":\"https:\\\/\\\/deadeimari.it\\\/de\\\/yachtmanagement\\\/#primaryimage\"},\"image\":{\"@id\":\"https:\\\/\\\/deadeimari.it\\\/de\\\/yachtmanagement\\\/#primaryimage\"},\"thumbnailUrl\":\"https:\\\/\\\/deadeimari.it\\\/wp-content\\\/uploads\\\/2021\\\/12\\\/Pua-ext-terra.jpg\",\"datePublished\":\"2023-10-09T03:43:11+00:00\",\"dateModified\":\"2023-10-09T05:04:17+00:00\",\"breadcrumb\":{\"@id\":\"https:\\\/\\\/deadeimari.it\\\/de\\\/yachtmanagement\\\/#breadcrumb\"},\"inLanguage\":\"de\",\"potentialAction\":[{\"@type\":\"ReadAction\",\"target\":[\"https:\\\/\\\/deadeimari.it\\\/de\\\/yachtmanagement\\\/\"]}]},{\"@type\":\"ImageObject\",\"inLanguage\":\"de\",\"@id\":\"https:\\\/\\\/deadeimari.it\\\/de\\\/yachtmanagement\\\/#primaryimage\",\"url\":\"https:\\\/\\\/deadeimari.it\\\/wp-content\\\/uploads\\\/2021\\\/12\\\/Pua-ext-terra.jpg\",\"contentUrl\":\"https:\\\/\\\/deadeimari.it\\\/wp-content\\\/uploads\\\/2021\\\/12\\\/Pua-ext-terra.jpg\"},{\"@type\":\"BreadcrumbList\",\"@id\":\"https:\\\/\\\/deadeimari.it\\\/de\\\/yachtmanagement\\\/#breadcrumb\",\"itemListElement\":[{\"@type\":\"ListItem\",\"position\":1,\"name\":\"Home\",\"item\":\"https:\\\/\\\/deadeimari.it\\\/de\\\/\"},{\"@type\":\"ListItem\",\"position\":2,\"name\":\"Yachtmanagement\"}]},{\"@type\":\"WebSite\",\"@id\":\"https:\\\/\\\/deadeimari.it\\\/de\\\/#website\",\"url\":\"https:\\\/\\\/deadeimari.it\\\/de\\\/\",\"name\":\"Dea dei Mari\",\"description\":\"Noleggio barche a vela La Spezia, Portovenere, Fezzano e Castiglioncello.\",\"publisher\":{\"@id\":\"https:\\\/\\\/deadeimari.it\\\/de\\\/#organization\"},\"alternateName\":\"deadeimari\",\"potentialAction\":[{\"@type\":\"SearchAction\",\"target\":{\"@type\":\"EntryPoint\",\"urlTemplate\":\"https:\\\/\\\/deadeimari.it\\\/de\\\/?s={search_term_string}\"},\"query-input\":{\"@type\":\"PropertyValueSpecification\",\"valueRequired\":true,\"valueName\":\"search_term_string\"}}],\"inLanguage\":\"de\"},{\"@type\":\"Organization\",\"@id\":\"https:\\\/\\\/deadeimari.it\\\/de\\\/#organization\",\"name\":\"Dea dei Mari s.r.l.\",\"alternateName\":\"deadeimari\",\"url\":\"https:\\\/\\\/deadeimari.it\\\/de\\\/\",\"logo\":{\"@type\":\"ImageObject\",\"inLanguage\":\"de\",\"@id\":\"https:\\\/\\\/deadeimari.it\\\/de\\\/#\\\/schema\\\/logo\\\/image\\\/\",\"url\":\"https:\\\/\\\/deadeimari.it\\\/wp-content\\\/uploads\\\/2025\\\/03\\\/LOGO-DEA-DEI-MARI.jpg\",\"contentUrl\":\"https:\\\/\\\/deadeimari.it\\\/wp-content\\\/uploads\\\/2025\\\/03\\\/LOGO-DEA-DEI-MARI.jpg\",\"width\":1500,\"height\":1500,\"caption\":\"Dea dei Mari s.r.l.\"},\"image\":{\"@id\":\"https:\\\/\\\/deadeimari.it\\\/de\\\/#\\\/schema\\\/logo\\\/image\\\/\"},\"sameAs\":[\"https:\\\/\\\/it-it.facebook.com\\\/deadeimari\"]}]}<\/script>\n<!-- \/ Yoast SEO plugin. -->","yoast_head_json":{"title":"Yachtmanagement - Dea dei Mari","robots":{"index":"index","follow":"follow","max-snippet":"max-snippet:-1","max-image-preview":"max-image-preview:large","max-video-preview":"max-video-preview:-1"},"canonical":"https:\/\/deadeimari.it\/de\/yachtmanagement\/","og_locale":"de_DE","og_type":"article","og_title":"Yachtmanagement - Dea dei Mari","og_description":"Yachtmanagement die 3 M\u00f6glichkeiten Urkunden Wir arbeiten an Ihrem Boot, ob neu oder gebraucht. Der Eigent\u00fcmer befreit sich von den Problemen: Reparaturen, Lagerung, Verwaltungskosten, Liegeplatz, ordentliche und vielleicht sogar au\u00dferordentliche Wartung und amortisiert die Anschaffungskosten teilweise. Dar\u00fcber hinaus k\u00f6nnen Sie das Boot auch dann nutzen, wenn es nicht vermietet ist und\/oder zu im Voraus vereinbarten [&hellip;]","og_url":"https:\/\/deadeimari.it\/de\/yachtmanagement\/","og_site_name":"Dea dei Mari","article_publisher":"https:\/\/it-it.facebook.com\/deadeimari","article_modified_time":"2023-10-09T05:04:17+00:00","og_image":[{"url":"https:\/\/deadeimari.it\/wp-content\/uploads\/2021\/12\/Pua-ext-terra.jpg","type":"","width":"","height":""}],"twitter_card":"summary_large_image","twitter_misc":{"Gesch\u00e4tzte Lesezeit":"1\u00a0Minute"},"schema":{"@context":"https:\/\/schema.org","@graph":[{"@type":"WebPage","@id":"https:\/\/deadeimari.it\/de\/yachtmanagement\/","url":"https:\/\/deadeimari.it\/de\/yachtmanagement\/","name":"Yachtmanagement - Dea dei Mari","isPartOf":{"@id":"https:\/\/deadeimari.it\/de\/#website"},"primaryImageOfPage":{"@id":"https:\/\/deadeimari.it\/de\/yachtmanagement\/#primaryimage"},"image":{"@id":"https:\/\/deadeimari.it\/de\/yachtmanagement\/#primaryimage"},"thumbnailUrl":"https:\/\/deadeimari.it\/wp-content\/uploads\/2021\/12\/Pua-ext-terra.jpg","datePublished":"2023-10-09T03:43:11+00:00","dateModified":"2023-10-09T05:04:17+00:00","breadcrumb":{"@id":"https:\/\/deadeimari.it\/de\/yachtmanagement\/#breadcrumb"},"inLanguage":"de","potentialAction":[{"@type":"ReadAction","target":["https:\/\/deadeimari.it\/de\/yachtmanagement\/"]}]},{"@type":"ImageObject","inLanguage":"de","@id":"https:\/\/deadeimari.it\/de\/yachtmanagement\/#primaryimage","url":"https:\/\/deadeimari.it\/wp-content\/uploads\/2021\/12\/Pua-ext-terra.jpg","contentUrl":"https:\/\/deadeimari.it\/wp-content\/uploads\/2021\/12\/Pua-ext-terra.jpg"},{"@type":"BreadcrumbList","@id":"https:\/\/deadeimari.it\/de\/yachtmanagement\/#breadcrumb","itemListElement":[{"@type":"ListItem","position":1,"name":"Home","item":"https:\/\/deadeimari.it\/de\/"},{"@type":"ListItem","position":2,"name":"Yachtmanagement"}]},{"@type":"WebSite","@id":"https:\/\/deadeimari.it\/de\/#website","url":"https:\/\/deadeimari.it\/de\/","name":"Dea dei Mari","description":"Noleggio barche a vela La Spezia, Portovenere, Fezzano e Castiglioncello.","publisher":{"@id":"https:\/\/deadeimari.it\/de\/#organization"},"alternateName":"deadeimari","potentialAction":[{"@type":"SearchAction","target":{"@type":"EntryPoint","urlTemplate":"https:\/\/deadeimari.it\/de\/?s={search_term_string}"},"query-input":{"@type":"PropertyValueSpecification","valueRequired":true,"valueName":"search_term_string"}}],"inLanguage":"de"},{"@type":"Organization","@id":"https:\/\/deadeimari.it\/de\/#organization","name":"Dea dei Mari s.r.l.","alternateName":"deadeimari","url":"https:\/\/deadeimari.it\/de\/","logo":{"@type":"ImageObject","inLanguage":"de","@id":"https:\/\/deadeimari.it\/de\/#\/schema\/logo\/image\/","url":"https:\/\/deadeimari.it\/wp-content\/uploads\/2025\/03\/LOGO-DEA-DEI-MARI.jpg","contentUrl":"https:\/\/deadeimari.it\/wp-content\/uploads\/2025\/03\/LOGO-DEA-DEI-MARI.jpg","width":1500,"height":1500,"caption":"Dea dei Mari s.r.l."},"image":{"@id":"https:\/\/deadeimari.it\/de\/#\/schema\/logo\/image\/"},"sameAs":["https:\/\/it-it.facebook.com\/deadeimari"]}]}},"_links":{"self":[{"href":"https:\/\/deadeimari.it\/de\/wp-json\/wp\/v2\/pages\/4310","targetHints":{"allow":["GET"]}}],"collection":[{"href":"https:\/\/deadeimari.it\/de\/wp-json\/wp\/v2\/pages"}],"about":[{"href":"https:\/\/deadeimari.it\/de\/wp-json\/wp\/v2\/types\/page"}],"author":[{"embeddable":true,"href":"https:\/\/deadeimari.it\/de\/wp-json\/wp\/v2\/users\/1"}],"replies":[{"embeddable":true,"href":"https:\/\/deadeimari.it\/de\/wp-json\/wp\/v2\/comments?post=4310"}],"version-history":[{"count":0,"href":"https:\/\/deadeimari.it\/de\/wp-json\/wp\/v2\/pages\/4310\/revisions"}],"wp:attachment":[{"href":"https:\/\/deadeimari.it\/de\/wp-json\/wp\/v2\/media?parent=4310"}],"curies":[{"name":"wp","href":"https:\/\/api.w.org\/{rel}","templated":true}]}}