{"id":4319,"date":"2023-10-09T05:45:25","date_gmt":"2023-10-09T03:45:25","guid":{"rendered":"https:\/\/deadeimari.it\/?page_id=4319"},"modified":"2023-10-09T07:09:40","modified_gmt":"2023-10-09T05:09:40","slug":"ueberweisungen","status":"publish","type":"page","link":"https:\/\/deadeimari.it\/de\/ueberweisungen\/","title":{"rendered":"\u00dcberweisungen"},"content":{"rendered":"\t\t<div data-elementor-type=\"wp-page\" data-elementor-id=\"4319\" class=\"elementor elementor-4319 elementor-1080\" data-elementor-post-type=\"page\">\n\t\t\t\t\t\t<section class=\"elementor-section elementor-top-section elementor-element elementor-element-ded02a2 elementor-section-boxed elementor-section-height-default elementor-section-height-default\" data-id=\"ded02a2\" data-element_type=\"section\" data-e-type=\"section\">\n\t\t\t\t\t\t<div class=\"elementor-container elementor-column-gap-default\">\n\t\t\t\t\t<div class=\"elementor-column elementor-col-100 elementor-top-column elementor-element elementor-element-f4130dd\" data-id=\"f4130dd\" data-element_type=\"column\" data-e-type=\"column\">\n\t\t\t<div class=\"elementor-widget-wrap elementor-element-populated\">\n\t\t\t\t\t\t<div class=\"elementor-element elementor-element-1003458 elementor-widget elementor-widget-heading\" data-id=\"1003458\" data-element_type=\"widget\" data-e-type=\"widget\" data-widget_type=\"heading.default\">\n\t\t\t\t<div class=\"elementor-widget-container\">\n\t\t\t\t\t<h1 class=\"elementor-heading-title elementor-size-default\">\u00dcberweisungen<\/h1>\t\t\t\t<\/div>\n\t\t\t\t<\/div>\n\t\t\t\t\t<\/div>\n\t\t<\/div>\n\t\t\t\t\t<\/div>\n\t\t<\/section>\n\t\t\t\t<section class=\"elementor-section elementor-top-section elementor-element elementor-element-3efde82 elementor-section-boxed elementor-section-height-default elementor-section-height-default\" data-id=\"3efde82\" data-element_type=\"section\" data-e-type=\"section\">\n\t\t\t\t\t\t<div class=\"elementor-container elementor-column-gap-default\">\n\t\t\t\t\t<div class=\"elementor-column elementor-col-50 elementor-top-column elementor-element elementor-element-92da10b\" data-id=\"92da10b\" data-element_type=\"column\" data-e-type=\"column\">\n\t\t\t<div class=\"elementor-widget-wrap elementor-element-populated\">\n\t\t\t\t\t\t<div class=\"elementor-element elementor-element-7e3eca5 elementor-widget elementor-widget-text-editor\" data-id=\"7e3eca5\" data-element_type=\"widget\" data-e-type=\"widget\" data-widget_type=\"text-editor.default\">\n\t\t\t\t<div class=\"elementor-widget-container\">\n\t\t\t\t\t\t\t\t\t<p>Die Erfahrungen, die wir w\u00e4hrend der Schul- und Vermietungsjahre gesammelt haben, die verschiedenen Boote, die zur Arbeit transferiert wurden, unter anderem von Kroatien nach Ligurien, und die Kapit\u00e4ne, die bei Teambuilding- und Firmenveranstaltungen eingesetzt wurden, haben es uns erm\u00f6glicht, eine gute F\u00e4higkeit zu entwickeln, diese in den Dienst dieser zu stellen muss ein Boot transportieren, egal ob Motor- oder Segelboot. die Kosten?? Grundpreis 3,50 Euro pro Seemeile, kann aber je nach Bootstyp und Streckenl\u00e4nge variieren!!<\/p>\t\t\t\t\t\t\t\t<\/div>\n\t\t\t\t<\/div>\n\t\t\t\t\t<\/div>\n\t\t<\/div>\n\t\t\t\t<div class=\"elementor-column elementor-col-50 elementor-top-column elementor-element elementor-element-46320dd\" data-id=\"46320dd\" data-element_type=\"column\" data-e-type=\"column\">\n\t\t\t<div class=\"elementor-widget-wrap elementor-element-populated\">\n\t\t\t\t\t\t<div class=\"elementor-element elementor-element-78940c2 elementor-widget elementor-widget-image\" data-id=\"78940c2\" data-element_type=\"widget\" data-e-type=\"widget\" data-widget_type=\"image.default\">\n\t\t\t\t<div class=\"elementor-widget-container\">\n\t\t\t\t\t\t\t\t\t\t\t\t\t\t\t<img fetchpriority=\"high\" decoding=\"async\" width=\"450\" height=\"296\" src=\"https:\/\/deadeimari.it\/wp-content\/uploads\/2021\/12\/90143257-due-barche-a-vela-barche-a-vela-o-yacht-da-regata-in-mare.webp?wsr\" class=\"attachment-large size-large wp-image-4321\" alt=\"\" srcset=\"https:\/\/deadeimari.it\/wp-content\/uploads\/2021\/12\/90143257-due-barche-a-vela-barche-a-vela-o-yacht-da-regata-in-mare.webp 450w, https:\/\/deadeimari.it\/wp-content\/uploads\/2021\/12\/90143257-due-barche-a-vela-barche-a-vela-o-yacht-da-regata-in-mare-300x197.webp 300w\" sizes=\"(max-width: 450px) 100vw, 450px\" \/>\t\t\t\t\t\t\t\t\t\t\t\t\t\t\t<\/div>\n\t\t\t\t<\/div>\n\t\t\t\t\t<\/div>\n\t\t<\/div>\n\t\t\t\t\t<\/div>\n\t\t<\/section>\n\t\t\t\t<\/div>\n\t\t","protected":false},"excerpt":{"rendered":"<p>\u00dcberweisungen Die Erfahrungen, die wir w\u00e4hrend der Schul- und Vermietungsjahre gesammelt haben, die verschiedenen Boote, die zur Arbeit transferiert wurden, unter anderem von Kroatien nach Ligurien, und die Kapit\u00e4ne, die bei Teambuilding- und Firmenveranstaltungen eingesetzt wurden, haben es uns erm\u00f6glicht, eine gute F\u00e4higkeit zu entwickeln, diese in den Dienst dieser zu stellen muss ein Boot [&hellip;]<\/p>\n","protected":false},"author":1,"featured_media":0,"parent":0,"menu_order":0,"comment_status":"closed","ping_status":"closed","template":"","meta":{"footnotes":""},"class_list":["post-4319","page","type-page","status-publish","hentry"],"yoast_head":"<!-- This site is optimized with the Yoast SEO plugin v27.3 - https:\/\/yoast.com\/product\/yoast-seo-wordpress\/ -->\n<title>\u00dcberweisungen - Dea dei Mari<\/title>\n<meta name=\"robots\" content=\"index, follow, max-snippet:-1, max-image-preview:large, max-video-preview:-1\" \/>\n<link rel=\"canonical\" href=\"https:\/\/deadeimari.it\/de\/ueberweisungen\/\" \/>\n<meta property=\"og:locale\" content=\"de_DE\" \/>\n<meta property=\"og:type\" content=\"article\" \/>\n<meta property=\"og:title\" content=\"\u00dcberweisungen - Dea dei Mari\" \/>\n<meta property=\"og:description\" content=\"\u00dcberweisungen Die Erfahrungen, die wir w\u00e4hrend der Schul- und Vermietungsjahre gesammelt haben, die verschiedenen Boote, die zur Arbeit transferiert wurden, unter anderem von Kroatien nach Ligurien, und die Kapit\u00e4ne, die bei Teambuilding- und Firmenveranstaltungen eingesetzt wurden, haben es uns erm\u00f6glicht, eine gute F\u00e4higkeit zu entwickeln, diese in den Dienst dieser zu stellen muss ein Boot [&hellip;]\" \/>\n<meta property=\"og:url\" content=\"https:\/\/deadeimari.it\/de\/ueberweisungen\/\" \/>\n<meta property=\"og:site_name\" content=\"Dea dei Mari\" \/>\n<meta property=\"article:publisher\" content=\"https:\/\/it-it.facebook.com\/deadeimari\" \/>\n<meta property=\"article:modified_time\" content=\"2023-10-09T05:09:40+00:00\" \/>\n<meta property=\"og:image\" content=\"https:\/\/deadeimari.it\/wp-content\/uploads\/2021\/12\/90143257-due-barche-a-vela-barche-a-vela-o-yacht-da-regata-in-mare.webp\" \/>\n<meta name=\"twitter:card\" content=\"summary_large_image\" \/>\n<script type=\"application\/ld+json\" class=\"yoast-schema-graph\">{\"@context\":\"https:\\\/\\\/schema.org\",\"@graph\":[{\"@type\":\"WebPage\",\"@id\":\"https:\\\/\\\/deadeimari.it\\\/de\\\/ueberweisungen\\\/\",\"url\":\"https:\\\/\\\/deadeimari.it\\\/de\\\/ueberweisungen\\\/\",\"name\":\"\u00dcberweisungen - Dea dei Mari\",\"isPartOf\":{\"@id\":\"https:\\\/\\\/deadeimari.it\\\/de\\\/#website\"},\"primaryImageOfPage\":{\"@id\":\"https:\\\/\\\/deadeimari.it\\\/de\\\/ueberweisungen\\\/#primaryimage\"},\"image\":{\"@id\":\"https:\\\/\\\/deadeimari.it\\\/de\\\/ueberweisungen\\\/#primaryimage\"},\"thumbnailUrl\":\"https:\\\/\\\/deadeimari.it\\\/wp-content\\\/uploads\\\/2021\\\/12\\\/90143257-due-barche-a-vela-barche-a-vela-o-yacht-da-regata-in-mare.webp\",\"datePublished\":\"2023-10-09T03:45:25+00:00\",\"dateModified\":\"2023-10-09T05:09:40+00:00\",\"breadcrumb\":{\"@id\":\"https:\\\/\\\/deadeimari.it\\\/de\\\/ueberweisungen\\\/#breadcrumb\"},\"inLanguage\":\"de\",\"potentialAction\":[{\"@type\":\"ReadAction\",\"target\":[\"https:\\\/\\\/deadeimari.it\\\/de\\\/ueberweisungen\\\/\"]}]},{\"@type\":\"ImageObject\",\"inLanguage\":\"de\",\"@id\":\"https:\\\/\\\/deadeimari.it\\\/de\\\/ueberweisungen\\\/#primaryimage\",\"url\":\"https:\\\/\\\/deadeimari.it\\\/wp-content\\\/uploads\\\/2021\\\/12\\\/90143257-due-barche-a-vela-barche-a-vela-o-yacht-da-regata-in-mare.webp\",\"contentUrl\":\"https:\\\/\\\/deadeimari.it\\\/wp-content\\\/uploads\\\/2021\\\/12\\\/90143257-due-barche-a-vela-barche-a-vela-o-yacht-da-regata-in-mare.webp\"},{\"@type\":\"BreadcrumbList\",\"@id\":\"https:\\\/\\\/deadeimari.it\\\/de\\\/ueberweisungen\\\/#breadcrumb\",\"itemListElement\":[{\"@type\":\"ListItem\",\"position\":1,\"name\":\"Home\",\"item\":\"https:\\\/\\\/deadeimari.it\\\/de\\\/\"},{\"@type\":\"ListItem\",\"position\":2,\"name\":\"\u00dcberweisungen\"}]},{\"@type\":\"WebSite\",\"@id\":\"https:\\\/\\\/deadeimari.it\\\/de\\\/#website\",\"url\":\"https:\\\/\\\/deadeimari.it\\\/de\\\/\",\"name\":\"Dea dei Mari\",\"description\":\"Noleggio barche a vela La Spezia, Portovenere, Fezzano e Castiglioncello.\",\"publisher\":{\"@id\":\"https:\\\/\\\/deadeimari.it\\\/de\\\/#organization\"},\"alternateName\":\"deadeimari\",\"potentialAction\":[{\"@type\":\"SearchAction\",\"target\":{\"@type\":\"EntryPoint\",\"urlTemplate\":\"https:\\\/\\\/deadeimari.it\\\/de\\\/?s={search_term_string}\"},\"query-input\":{\"@type\":\"PropertyValueSpecification\",\"valueRequired\":true,\"valueName\":\"search_term_string\"}}],\"inLanguage\":\"de\"},{\"@type\":\"Organization\",\"@id\":\"https:\\\/\\\/deadeimari.it\\\/de\\\/#organization\",\"name\":\"Dea dei Mari s.r.l.\",\"alternateName\":\"deadeimari\",\"url\":\"https:\\\/\\\/deadeimari.it\\\/de\\\/\",\"logo\":{\"@type\":\"ImageObject\",\"inLanguage\":\"de\",\"@id\":\"https:\\\/\\\/deadeimari.it\\\/de\\\/#\\\/schema\\\/logo\\\/image\\\/\",\"url\":\"https:\\\/\\\/deadeimari.it\\\/wp-content\\\/uploads\\\/2025\\\/03\\\/LOGO-DEA-DEI-MARI.jpg\",\"contentUrl\":\"https:\\\/\\\/deadeimari.it\\\/wp-content\\\/uploads\\\/2025\\\/03\\\/LOGO-DEA-DEI-MARI.jpg\",\"width\":1500,\"height\":1500,\"caption\":\"Dea dei Mari s.r.l.\"},\"image\":{\"@id\":\"https:\\\/\\\/deadeimari.it\\\/de\\\/#\\\/schema\\\/logo\\\/image\\\/\"},\"sameAs\":[\"https:\\\/\\\/it-it.facebook.com\\\/deadeimari\"]}]}<\/script>\n<!-- \/ Yoast SEO plugin. -->","yoast_head_json":{"title":"\u00dcberweisungen - Dea dei Mari","robots":{"index":"index","follow":"follow","max-snippet":"max-snippet:-1","max-image-preview":"max-image-preview:large","max-video-preview":"max-video-preview:-1"},"canonical":"https:\/\/deadeimari.it\/de\/ueberweisungen\/","og_locale":"de_DE","og_type":"article","og_title":"\u00dcberweisungen - Dea dei Mari","og_description":"\u00dcberweisungen Die Erfahrungen, die wir w\u00e4hrend der Schul- und Vermietungsjahre gesammelt haben, die verschiedenen Boote, die zur Arbeit transferiert wurden, unter anderem von Kroatien nach Ligurien, und die Kapit\u00e4ne, die bei Teambuilding- und Firmenveranstaltungen eingesetzt wurden, haben es uns erm\u00f6glicht, eine gute F\u00e4higkeit zu entwickeln, diese in den Dienst dieser zu stellen muss ein Boot [&hellip;]","og_url":"https:\/\/deadeimari.it\/de\/ueberweisungen\/","og_site_name":"Dea dei Mari","article_publisher":"https:\/\/it-it.facebook.com\/deadeimari","article_modified_time":"2023-10-09T05:09:40+00:00","og_image":[{"url":"https:\/\/deadeimari.it\/wp-content\/uploads\/2021\/12\/90143257-due-barche-a-vela-barche-a-vela-o-yacht-da-regata-in-mare.webp","type":"","width":"","height":""}],"twitter_card":"summary_large_image","schema":{"@context":"https:\/\/schema.org","@graph":[{"@type":"WebPage","@id":"https:\/\/deadeimari.it\/de\/ueberweisungen\/","url":"https:\/\/deadeimari.it\/de\/ueberweisungen\/","name":"\u00dcberweisungen - Dea dei Mari","isPartOf":{"@id":"https:\/\/deadeimari.it\/de\/#website"},"primaryImageOfPage":{"@id":"https:\/\/deadeimari.it\/de\/ueberweisungen\/#primaryimage"},"image":{"@id":"https:\/\/deadeimari.it\/de\/ueberweisungen\/#primaryimage"},"thumbnailUrl":"https:\/\/deadeimari.it\/wp-content\/uploads\/2021\/12\/90143257-due-barche-a-vela-barche-a-vela-o-yacht-da-regata-in-mare.webp","datePublished":"2023-10-09T03:45:25+00:00","dateModified":"2023-10-09T05:09:40+00:00","breadcrumb":{"@id":"https:\/\/deadeimari.it\/de\/ueberweisungen\/#breadcrumb"},"inLanguage":"de","potentialAction":[{"@type":"ReadAction","target":["https:\/\/deadeimari.it\/de\/ueberweisungen\/"]}]},{"@type":"ImageObject","inLanguage":"de","@id":"https:\/\/deadeimari.it\/de\/ueberweisungen\/#primaryimage","url":"https:\/\/deadeimari.it\/wp-content\/uploads\/2021\/12\/90143257-due-barche-a-vela-barche-a-vela-o-yacht-da-regata-in-mare.webp","contentUrl":"https:\/\/deadeimari.it\/wp-content\/uploads\/2021\/12\/90143257-due-barche-a-vela-barche-a-vela-o-yacht-da-regata-in-mare.webp"},{"@type":"BreadcrumbList","@id":"https:\/\/deadeimari.it\/de\/ueberweisungen\/#breadcrumb","itemListElement":[{"@type":"ListItem","position":1,"name":"Home","item":"https:\/\/deadeimari.it\/de\/"},{"@type":"ListItem","position":2,"name":"\u00dcberweisungen"}]},{"@type":"WebSite","@id":"https:\/\/deadeimari.it\/de\/#website","url":"https:\/\/deadeimari.it\/de\/","name":"Dea dei Mari","description":"Noleggio barche a vela La Spezia, Portovenere, Fezzano e Castiglioncello.","publisher":{"@id":"https:\/\/deadeimari.it\/de\/#organization"},"alternateName":"deadeimari","potentialAction":[{"@type":"SearchAction","target":{"@type":"EntryPoint","urlTemplate":"https:\/\/deadeimari.it\/de\/?s={search_term_string}"},"query-input":{"@type":"PropertyValueSpecification","valueRequired":true,"valueName":"search_term_string"}}],"inLanguage":"de"},{"@type":"Organization","@id":"https:\/\/deadeimari.it\/de\/#organization","name":"Dea dei Mari s.r.l.","alternateName":"deadeimari","url":"https:\/\/deadeimari.it\/de\/","logo":{"@type":"ImageObject","inLanguage":"de","@id":"https:\/\/deadeimari.it\/de\/#\/schema\/logo\/image\/","url":"https:\/\/deadeimari.it\/wp-content\/uploads\/2025\/03\/LOGO-DEA-DEI-MARI.jpg","contentUrl":"https:\/\/deadeimari.it\/wp-content\/uploads\/2025\/03\/LOGO-DEA-DEI-MARI.jpg","width":1500,"height":1500,"caption":"Dea dei Mari s.r.l."},"image":{"@id":"https:\/\/deadeimari.it\/de\/#\/schema\/logo\/image\/"},"sameAs":["https:\/\/it-it.facebook.com\/deadeimari"]}]}},"_links":{"self":[{"href":"https:\/\/deadeimari.it\/de\/wp-json\/wp\/v2\/pages\/4319","targetHints":{"allow":["GET"]}}],"collection":[{"href":"https:\/\/deadeimari.it\/de\/wp-json\/wp\/v2\/pages"}],"about":[{"href":"https:\/\/deadeimari.it\/de\/wp-json\/wp\/v2\/types\/page"}],"author":[{"embeddable":true,"href":"https:\/\/deadeimari.it\/de\/wp-json\/wp\/v2\/users\/1"}],"replies":[{"embeddable":true,"href":"https:\/\/deadeimari.it\/de\/wp-json\/wp\/v2\/comments?post=4319"}],"version-history":[{"count":0,"href":"https:\/\/deadeimari.it\/de\/wp-json\/wp\/v2\/pages\/4319\/revisions"}],"wp:attachment":[{"href":"https:\/\/deadeimari.it\/de\/wp-json\/wp\/v2\/media?parent=4319"}],"curies":[{"name":"wp","href":"https:\/\/api.w.org\/{rel}","templated":true}]}}