{"id":4328,"date":"2026-01-05T09:46:26","date_gmt":"2026-01-05T08:46:26","guid":{"rendered":"https:\/\/deadeimari.it\/?page_id=4328"},"modified":"2026-01-09T11:20:57","modified_gmt":"2026-01-09T10:20:57","slug":"firmenaktivitaeten","status":"publish","type":"page","link":"https:\/\/deadeimari.it\/de\/firmenaktivitaeten\/","title":{"rendered":"Firmenaktivit\u00e4ten"},"content":{"rendered":"\t\t<div data-elementor-type=\"wp-page\" data-elementor-id=\"4328\" class=\"elementor elementor-4328 elementor-1086\" data-elementor-post-type=\"page\">\n\t\t\t\t<div class=\"elementor-element elementor-element-bb4afae e-flex e-con-boxed e-con e-parent\" data-id=\"bb4afae\" data-element_type=\"container\" data-e-type=\"container\">\n\t\t\t\t\t<div class=\"e-con-inner\">\n\t\t<div class=\"elementor-element elementor-element-b7168d9 e-con-full e-flex e-con e-child\" data-id=\"b7168d9\" data-element_type=\"container\" data-e-type=\"container\">\n\t\t\t\t<div class=\"elementor-element elementor-element-8007d71 elementor-widget elementor-widget-heading\" data-id=\"8007d71\" data-element_type=\"widget\" data-e-type=\"widget\" data-widget_type=\"heading.default\">\n\t\t\t\t<div class=\"elementor-widget-container\">\n\t\t\t\t\t<h1 class=\"elementor-heading-title elementor-size-default\">Unternehmensaktivit\u00e4ten<\/h1>\t\t\t\t<\/div>\n\t\t\t\t<\/div>\n\t\t\t\t<\/div>\n\t\t\t\t\t<\/div>\n\t\t\t\t<\/div>\n\t\t<div class=\"elementor-element elementor-element-af9de85 e-flex e-con-boxed e-con e-parent\" data-id=\"af9de85\" data-element_type=\"container\" data-e-type=\"container\">\n\t\t\t\t\t<div class=\"e-con-inner\">\n\t\t<div class=\"elementor-element elementor-element-09a5fc8 e-con-full e-flex e-con e-child\" data-id=\"09a5fc8\" data-element_type=\"container\" data-e-type=\"container\">\n\t\t\t\t<div class=\"elementor-element elementor-element-c5b52ec elementor-widget elementor-widget-text-editor\" data-id=\"c5b52ec\" data-element_type=\"widget\" data-e-type=\"widget\" data-widget_type=\"text-editor.default\">\n\t\t\t\t<div class=\"elementor-widget-container\">\n\t\t\t\t\t\t\t\t\t<p data-start=\"102\" data-end=\"506\">Seit Jahren arbeiten wir mit qualifizierten und zertifizierten <strong>Trainern und Coaches der Methode O.M.T.\u00ae Outdoor Management Training\u00ae<\/strong>, mit Bruno Bozza und Elisabetta Magnani zusammen, um die passendste L\u00f6sung f\u00fcr die Bed\u00fcrfnisse jedes Unternehmens zu finden. Gemeinsam mit ihnen gestalten wir Firmenevents, Teambuilding-Aktivit\u00e4ten und ma\u00dfgeschneiderte Incentive-Programme, die darauf ausgelegt sind, Unternehmen bei der Erreichung ihrer organisatorischen und leistungsbezogenen Ziele zu unterst\u00fctzen. Jedes Projekt wird individuell auf die Anforderungen des Unternehmens und der Teilnehmer zugeschnitten und f\u00f6rdert aktive Beteiligung, gemeinsame Zielsetzung sowie die Entwicklung von Schl\u00fcsselkompetenzen wie F\u00fchrung, Teamarbeit und kollektive Intelligenz. Unsere L\u00f6sungen bieten einen hohen Mehrwert durch einen effektiven, messbaren und ergebnisorientierten Ansatz.<\/p>\t\t\t\t\t\t\t\t<\/div>\n\t\t\t\t<\/div>\n\t\t\t\t<\/div>\n\t\t\t\t\t<\/div>\n\t\t\t\t<\/div>\n\t\t<div class=\"elementor-element elementor-element-4c8c2af e-flex e-con-boxed e-con e-parent\" data-id=\"4c8c2af\" data-element_type=\"container\" data-e-type=\"container\">\n\t\t\t\t\t<div class=\"e-con-inner\">\n\t\t<div class=\"elementor-element elementor-element-31bca86 e-con-full e-flex e-con e-child\" data-id=\"31bca86\" data-element_type=\"container\" data-e-type=\"container\">\n\t\t\t\t<div class=\"elementor-element elementor-element-ee262a1 elementor-widget elementor-widget-heading\" data-id=\"ee262a1\" data-element_type=\"widget\" data-e-type=\"widget\" data-widget_type=\"heading.default\">\n\t\t\t\t<div class=\"elementor-widget-container\">\n\t\t\t\t\t<h1 class=\"elementor-heading-title elementor-size-default\">Teambuilding<\/h1>\t\t\t\t<\/div>\n\t\t\t\t<\/div>\n\t\t\t\t<div class=\"elementor-element elementor-element-6e3905e elementor-widget elementor-widget-text-editor\" data-id=\"6e3905e\" data-element_type=\"widget\" data-e-type=\"widget\" data-widget_type=\"text-editor.default\">\n\t\t\t\t<div class=\"elementor-widget-container\">\n\t\t\t\t\t\t\t\t\t<p data-start=\"90\" data-end=\"601\">Erlebnisorientierte Outdoor-Aktivit\u00e4ten auf einem Segelboot z\u00e4hlen zu den effektivsten L\u00f6sungen f\u00fcr <strong data-start=\"191\" data-end=\"208\">Team Building<\/strong>. Das Segelboot gew\u00e4hrleistet die aktive Teilnahme jedes einzelnen Teammitglieds und macht das Konzept <strong><em data-start=\"315\" data-end=\"348\">Together Everyone Achieves More<\/em><\/strong> greifbar, indem es gemeinsame Zielsetzung, Priorit\u00e4tenmanagement und das Bewusstsein f\u00f6rdert, dass jede einzelne Handlung die gesamte Mannschaft beeinflusst. Dieser Ansatz stimuliert Proaktivit\u00e4t, systemisches Denken und die Entwicklung von <strong data-start=\"573\" data-end=\"600\">kollektiver Intelligenz<\/strong>.<\/p> <p data-start=\"603\" data-end=\"1006\">Unsere Team Building-Erlebnisse auf Segelbooten werden mit besonderer R\u00fccksicht auf die individuellen Bed\u00fcrfnisse, die Gruppenzusammensetzung und die k\u00f6rperliche Konstitution der Teilnehmer konzipiert.<\/p>\t\t\t\t\t\t\t\t<\/div>\n\t\t\t\t<\/div>\n\t\t\t\t<div class=\"elementor-element elementor-element-630455e elementor-widget__width-initial elementor-widget elementor-widget-image\" data-id=\"630455e\" data-element_type=\"widget\" data-e-type=\"widget\" data-widget_type=\"image.default\">\n\t\t\t\t<div class=\"elementor-widget-container\">\n\t\t\t\t\t\t\t\t\t\t\t\t\t\t\t<img fetchpriority=\"high\" decoding=\"async\" width=\"800\" height=\"600\" src=\"https:\/\/deadeimari.it\/wp-content\/uploads\/2021\/11\/17-1024x768.jpg?wsr\" class=\"attachment-large size-large wp-image-4330\" alt=\"\" srcset=\"https:\/\/deadeimari.it\/wp-content\/uploads\/2021\/11\/17-1024x768.jpg 1024w, https:\/\/deadeimari.it\/wp-content\/uploads\/2021\/11\/17-300x225.jpg 300w, https:\/\/deadeimari.it\/wp-content\/uploads\/2021\/11\/17-768x576.jpg 768w, https:\/\/deadeimari.it\/wp-content\/uploads\/2021\/11\/17.jpg 1440w\" sizes=\"(max-width: 800px) 100vw, 800px\" \/>\t\t\t\t\t\t\t\t\t\t\t\t\t\t\t<\/div>\n\t\t\t\t<\/div>\n\t\t\t\t<\/div>\n\t\t<div class=\"elementor-element elementor-element-aa7275a e-con-full e-flex e-con e-child\" data-id=\"aa7275a\" data-element_type=\"container\" data-e-type=\"container\">\n\t\t\t\t<div class=\"elementor-element elementor-element-96ab969 elementor-widget elementor-widget-heading\" data-id=\"96ab969\" data-element_type=\"widget\" data-e-type=\"widget\" data-widget_type=\"heading.default\">\n\t\t\t\t<div class=\"elementor-widget-container\">\n\t\t\t\t\t<h1 class=\"elementor-heading-title elementor-size-default\">Incentive<\/h1>\t\t\t\t<\/div>\n\t\t\t\t<\/div>\n\t\t\t\t<div class=\"elementor-element elementor-element-00574d0 elementor-widget elementor-widget-text-editor\" data-id=\"00574d0\" data-element_type=\"widget\" data-e-type=\"widget\" data-widget_type=\"text-editor.default\">\n\t\t\t\t<div class=\"elementor-widget-container\">\n\t\t\t\t\t\t\t\t\t<p data-start=\"85\" data-end=\"483\">Wir konzipieren <strong data-start=\"97\" data-end=\"158\">ma\u00dfgeschneiderte Incentive-Programme f\u00fcr die mittel- bis langfristige Perspektive<\/strong>, die auf die Erreichung der Unternehmensziele und das Wohlbefinden der Mitarbeiter ausgerichtet sind. Jede Initiative wird individuell geplant, auch in Form von <strong data-start=\"304\" data-end=\"348\">erlebnisorientierten Segelt\u00f6rns<\/strong>, die ideal geeignet sind, um Erfolge zu feiern, das Team zu st\u00e4rken und neue Energie zu generieren \u2013 bei \u00fcberschaubarer Investition und hohem Mehrwert.<\/p>\t\t\t\t\t\t\t\t<\/div>\n\t\t\t\t<\/div>\n\t\t\t\t<div class=\"elementor-element elementor-element-37a29c6 elementor-widget__width-initial elementor-widget elementor-widget-image\" data-id=\"37a29c6\" data-element_type=\"widget\" data-e-type=\"widget\" data-widget_type=\"image.default\">\n\t\t\t\t<div class=\"elementor-widget-container\">\n\t\t\t\t\t\t\t\t\t\t\t\t\t\t\t<img decoding=\"async\" width=\"800\" height=\"600\" src=\"https:\/\/deadeimari.it\/wp-content\/uploads\/2021\/11\/15-1024x768.jpg?wsr\" class=\"attachment-large size-large wp-image-4324\" alt=\"\" srcset=\"https:\/\/deadeimari.it\/wp-content\/uploads\/2021\/11\/15-1024x768.jpg 1024w, https:\/\/deadeimari.it\/wp-content\/uploads\/2021\/11\/15-300x225.jpg 300w, https:\/\/deadeimari.it\/wp-content\/uploads\/2021\/11\/15-768x576.jpg 768w, https:\/\/deadeimari.it\/wp-content\/uploads\/2021\/11\/15.jpg 1440w\" sizes=\"(max-width: 800px) 100vw, 800px\" \/>\t\t\t\t\t\t\t\t\t\t\t\t\t\t\t<\/div>\n\t\t\t\t<\/div>\n\t\t\t\t<\/div>\n\t\t<div class=\"elementor-element elementor-element-39899d4 e-con-full e-flex e-con e-child\" data-id=\"39899d4\" data-element_type=\"container\" data-e-type=\"container\">\n\t\t\t\t<div class=\"elementor-element elementor-element-6c54894 elementor-widget elementor-widget-heading\" data-id=\"6c54894\" data-element_type=\"widget\" data-e-type=\"widget\" data-widget_type=\"heading.default\">\n\t\t\t\t<div class=\"elementor-widget-container\">\n\t\t\t\t\t<h1 class=\"elementor-heading-title elementor-size-default\">Events<\/h1>\t\t\t\t<\/div>\n\t\t\t\t<\/div>\n\t\t\t\t<div class=\"elementor-element elementor-element-f272fc3 elementor-widget elementor-widget-text-editor\" data-id=\"f272fc3\" data-element_type=\"widget\" data-e-type=\"widget\" data-widget_type=\"text-editor.default\">\n\t\t\t\t<div class=\"elementor-widget-container\">\n\t\t\t\t\t\t\t\t\t<p>Wir gestalten gemeinsam Veranstaltungen, in denen das Segelboot, die Kunst der Navigation und das Meer zum Herzst\u00fcck eines Erlebnisses werden, das darauf ausgerichtet ist, die gegenseitige Kenntnis zwischen den wahren Hauptdarstellern zu vertiefen: den Teilnehmern.<\/p><p>Das Boot ist die ideale Umgebung, um die aktive Beteiligung jeder Person zu gew\u00e4hrleisten. Das erzwungene Zusammenleben und die Notwendigkeit, sich anzupassen, schmieden die Gruppe und treiben sie an, unerwartete Ergebnisse zu erzielen.<\/p><p>Eine Veranstaltung, die auf dem und f\u00fcr das Meer konzipiert ist, bietet eine einzigartige und andere Perspektive als jedes andere Treffen und macht die Erfahrung zutiefst individuell und unvergesslich.<\/p>\t\t\t\t\t\t\t\t<\/div>\n\t\t\t\t<\/div>\n\t\t\t\t<div class=\"elementor-element elementor-element-dc3b6c9 elementor-widget__width-initial elementor-widget elementor-widget-image\" data-id=\"dc3b6c9\" data-element_type=\"widget\" data-e-type=\"widget\" data-widget_type=\"image.default\">\n\t\t\t\t<div class=\"elementor-widget-container\">\n\t\t\t\t\t\t\t\t\t\t\t\t\t\t\t<img decoding=\"async\" width=\"800\" height=\"600\" src=\"https:\/\/deadeimari.it\/wp-content\/uploads\/2021\/11\/16-1024x768.jpg?wsr\" class=\"attachment-large size-large wp-image-4327\" alt=\"\" srcset=\"https:\/\/deadeimari.it\/wp-content\/uploads\/2021\/11\/16-1024x768.jpg 1024w, https:\/\/deadeimari.it\/wp-content\/uploads\/2021\/11\/16-300x225.jpg 300w, https:\/\/deadeimari.it\/wp-content\/uploads\/2021\/11\/16-768x576.jpg 768w, https:\/\/deadeimari.it\/wp-content\/uploads\/2021\/11\/16.jpg 1440w\" sizes=\"(max-width: 800px) 100vw, 800px\" \/>\t\t\t\t\t\t\t\t\t\t\t\t\t\t\t<\/div>\n\t\t\t\t<\/div>\n\t\t\t\t<\/div>\n\t\t\t\t\t<\/div>\n\t\t\t\t<\/div>\n\t\t\t\t<\/div>\n\t\t","protected":false},"excerpt":{"rendered":"<p>Unternehmensaktivit\u00e4ten Seit Jahren arbeiten wir mit qualifizierten und zertifizierten Trainern und Coaches der Methode O.M.T.\u00ae Outdoor Management Training\u00ae, mit Bruno Bozza und Elisabetta Magnani zusammen, um die passendste L\u00f6sung f\u00fcr die Bed\u00fcrfnisse jedes Unternehmens zu finden. Gemeinsam mit ihnen gestalten wir Firmenevents, Teambuilding-Aktivit\u00e4ten und ma\u00dfgeschneiderte Incentive-Programme, die darauf ausgelegt sind, Unternehmen bei der Erreichung ihrer [&hellip;]<\/p>\n","protected":false},"author":1,"featured_media":0,"parent":0,"menu_order":0,"comment_status":"closed","ping_status":"closed","template":"","meta":{"footnotes":""},"class_list":["post-4328","page","type-page","status-publish","hentry"],"yoast_head":"<!-- This site is optimized with the Yoast SEO plugin v27.3 - https:\/\/yoast.com\/product\/yoast-seo-wordpress\/ -->\n<title>Firmenaktivit\u00e4ten - Dea dei Mari<\/title>\n<meta name=\"robots\" content=\"index, follow, max-snippet:-1, max-image-preview:large, max-video-preview:-1\" \/>\n<link rel=\"canonical\" href=\"https:\/\/deadeimari.it\/de\/firmenaktivitaeten\/\" \/>\n<meta property=\"og:locale\" content=\"de_DE\" \/>\n<meta property=\"og:type\" content=\"article\" \/>\n<meta property=\"og:title\" content=\"Firmenaktivit\u00e4ten - Dea dei Mari\" \/>\n<meta property=\"og:description\" content=\"Unternehmensaktivit\u00e4ten Seit Jahren arbeiten wir mit qualifizierten und zertifizierten Trainern und Coaches der Methode O.M.T.\u00ae Outdoor Management Training\u00ae, mit Bruno Bozza und Elisabetta Magnani zusammen, um die passendste L\u00f6sung f\u00fcr die Bed\u00fcrfnisse jedes Unternehmens zu finden. Gemeinsam mit ihnen gestalten wir Firmenevents, Teambuilding-Aktivit\u00e4ten und ma\u00dfgeschneiderte Incentive-Programme, die darauf ausgelegt sind, Unternehmen bei der Erreichung ihrer [&hellip;]\" \/>\n<meta property=\"og:url\" content=\"https:\/\/deadeimari.it\/de\/firmenaktivitaeten\/\" \/>\n<meta property=\"og:site_name\" content=\"Dea dei Mari\" \/>\n<meta property=\"article:publisher\" content=\"https:\/\/it-it.facebook.com\/deadeimari\" \/>\n<meta property=\"article:modified_time\" content=\"2026-01-09T10:20:57+00:00\" \/>\n<meta property=\"og:image\" content=\"https:\/\/deadeimari.it\/wp-content\/uploads\/2021\/11\/17.jpg?wsr\" \/>\n\t<meta property=\"og:image:width\" content=\"1440\" \/>\n\t<meta property=\"og:image:height\" content=\"1080\" \/>\n\t<meta property=\"og:image:type\" content=\"image\/jpeg\" \/>\n<meta name=\"twitter:card\" content=\"summary_large_image\" \/>\n<meta name=\"twitter:label1\" content=\"Gesch\u00e4tzte Lesezeit\" \/>\n\t<meta name=\"twitter:data1\" content=\"3\u00a0Minuten\" \/>\n<script type=\"application\/ld+json\" class=\"yoast-schema-graph\">{\"@context\":\"https:\\\/\\\/schema.org\",\"@graph\":[{\"@type\":\"WebPage\",\"@id\":\"https:\\\/\\\/deadeimari.it\\\/de\\\/firmenaktivitaeten\\\/\",\"url\":\"https:\\\/\\\/deadeimari.it\\\/de\\\/firmenaktivitaeten\\\/\",\"name\":\"Firmenaktivit\u00e4ten - Dea dei Mari\",\"isPartOf\":{\"@id\":\"https:\\\/\\\/deadeimari.it\\\/de\\\/#website\"},\"primaryImageOfPage\":{\"@id\":\"https:\\\/\\\/deadeimari.it\\\/de\\\/firmenaktivitaeten\\\/#primaryimage\"},\"image\":{\"@id\":\"https:\\\/\\\/deadeimari.it\\\/de\\\/firmenaktivitaeten\\\/#primaryimage\"},\"thumbnailUrl\":\"https:\\\/\\\/deadeimari.it\\\/wp-content\\\/uploads\\\/2021\\\/11\\\/17-1024x768.jpg\",\"datePublished\":\"2026-01-05T08:46:26+00:00\",\"dateModified\":\"2026-01-09T10:20:57+00:00\",\"breadcrumb\":{\"@id\":\"https:\\\/\\\/deadeimari.it\\\/de\\\/firmenaktivitaeten\\\/#breadcrumb\"},\"inLanguage\":\"de\",\"potentialAction\":[{\"@type\":\"ReadAction\",\"target\":[\"https:\\\/\\\/deadeimari.it\\\/de\\\/firmenaktivitaeten\\\/\"]}]},{\"@type\":\"ImageObject\",\"inLanguage\":\"de\",\"@id\":\"https:\\\/\\\/deadeimari.it\\\/de\\\/firmenaktivitaeten\\\/#primaryimage\",\"url\":\"https:\\\/\\\/deadeimari.it\\\/wp-content\\\/uploads\\\/2021\\\/11\\\/17-1024x768.jpg\",\"contentUrl\":\"https:\\\/\\\/deadeimari.it\\\/wp-content\\\/uploads\\\/2021\\\/11\\\/17-1024x768.jpg\"},{\"@type\":\"BreadcrumbList\",\"@id\":\"https:\\\/\\\/deadeimari.it\\\/de\\\/firmenaktivitaeten\\\/#breadcrumb\",\"itemListElement\":[{\"@type\":\"ListItem\",\"position\":1,\"name\":\"Home\",\"item\":\"https:\\\/\\\/deadeimari.it\\\/de\\\/\"},{\"@type\":\"ListItem\",\"position\":2,\"name\":\"Firmenaktivit\u00e4ten\"}]},{\"@type\":\"WebSite\",\"@id\":\"https:\\\/\\\/deadeimari.it\\\/de\\\/#website\",\"url\":\"https:\\\/\\\/deadeimari.it\\\/de\\\/\",\"name\":\"Dea dei Mari\",\"description\":\"Noleggio barche a vela La Spezia, Portovenere, Fezzano e Castiglioncello.\",\"publisher\":{\"@id\":\"https:\\\/\\\/deadeimari.it\\\/de\\\/#organization\"},\"alternateName\":\"deadeimari\",\"potentialAction\":[{\"@type\":\"SearchAction\",\"target\":{\"@type\":\"EntryPoint\",\"urlTemplate\":\"https:\\\/\\\/deadeimari.it\\\/de\\\/?s={search_term_string}\"},\"query-input\":{\"@type\":\"PropertyValueSpecification\",\"valueRequired\":true,\"valueName\":\"search_term_string\"}}],\"inLanguage\":\"de\"},{\"@type\":\"Organization\",\"@id\":\"https:\\\/\\\/deadeimari.it\\\/de\\\/#organization\",\"name\":\"Dea dei Mari s.r.l.\",\"alternateName\":\"deadeimari\",\"url\":\"https:\\\/\\\/deadeimari.it\\\/de\\\/\",\"logo\":{\"@type\":\"ImageObject\",\"inLanguage\":\"de\",\"@id\":\"https:\\\/\\\/deadeimari.it\\\/de\\\/#\\\/schema\\\/logo\\\/image\\\/\",\"url\":\"https:\\\/\\\/deadeimari.it\\\/wp-content\\\/uploads\\\/2025\\\/03\\\/LOGO-DEA-DEI-MARI.jpg\",\"contentUrl\":\"https:\\\/\\\/deadeimari.it\\\/wp-content\\\/uploads\\\/2025\\\/03\\\/LOGO-DEA-DEI-MARI.jpg\",\"width\":1500,\"height\":1500,\"caption\":\"Dea dei Mari s.r.l.\"},\"image\":{\"@id\":\"https:\\\/\\\/deadeimari.it\\\/de\\\/#\\\/schema\\\/logo\\\/image\\\/\"},\"sameAs\":[\"https:\\\/\\\/it-it.facebook.com\\\/deadeimari\"]}]}<\/script>\n<!-- \/ Yoast SEO plugin. -->","yoast_head_json":{"title":"Firmenaktivit\u00e4ten - Dea dei Mari","robots":{"index":"index","follow":"follow","max-snippet":"max-snippet:-1","max-image-preview":"max-image-preview:large","max-video-preview":"max-video-preview:-1"},"canonical":"https:\/\/deadeimari.it\/de\/firmenaktivitaeten\/","og_locale":"de_DE","og_type":"article","og_title":"Firmenaktivit\u00e4ten - Dea dei Mari","og_description":"Unternehmensaktivit\u00e4ten Seit Jahren arbeiten wir mit qualifizierten und zertifizierten Trainern und Coaches der Methode O.M.T.\u00ae Outdoor Management Training\u00ae, mit Bruno Bozza und Elisabetta Magnani zusammen, um die passendste L\u00f6sung f\u00fcr die Bed\u00fcrfnisse jedes Unternehmens zu finden. Gemeinsam mit ihnen gestalten wir Firmenevents, Teambuilding-Aktivit\u00e4ten und ma\u00dfgeschneiderte Incentive-Programme, die darauf ausgelegt sind, Unternehmen bei der Erreichung ihrer [&hellip;]","og_url":"https:\/\/deadeimari.it\/de\/firmenaktivitaeten\/","og_site_name":"Dea dei Mari","article_publisher":"https:\/\/it-it.facebook.com\/deadeimari","article_modified_time":"2026-01-09T10:20:57+00:00","og_image":[{"width":1440,"height":1080,"url":"https:\/\/deadeimari.it\/wp-content\/uploads\/2021\/11\/17.jpg?wsr","type":"image\/jpeg"}],"twitter_card":"summary_large_image","twitter_misc":{"Gesch\u00e4tzte Lesezeit":"3\u00a0Minuten"},"schema":{"@context":"https:\/\/schema.org","@graph":[{"@type":"WebPage","@id":"https:\/\/deadeimari.it\/de\/firmenaktivitaeten\/","url":"https:\/\/deadeimari.it\/de\/firmenaktivitaeten\/","name":"Firmenaktivit\u00e4ten - Dea dei Mari","isPartOf":{"@id":"https:\/\/deadeimari.it\/de\/#website"},"primaryImageOfPage":{"@id":"https:\/\/deadeimari.it\/de\/firmenaktivitaeten\/#primaryimage"},"image":{"@id":"https:\/\/deadeimari.it\/de\/firmenaktivitaeten\/#primaryimage"},"thumbnailUrl":"https:\/\/deadeimari.it\/wp-content\/uploads\/2021\/11\/17-1024x768.jpg","datePublished":"2026-01-05T08:46:26+00:00","dateModified":"2026-01-09T10:20:57+00:00","breadcrumb":{"@id":"https:\/\/deadeimari.it\/de\/firmenaktivitaeten\/#breadcrumb"},"inLanguage":"de","potentialAction":[{"@type":"ReadAction","target":["https:\/\/deadeimari.it\/de\/firmenaktivitaeten\/"]}]},{"@type":"ImageObject","inLanguage":"de","@id":"https:\/\/deadeimari.it\/de\/firmenaktivitaeten\/#primaryimage","url":"https:\/\/deadeimari.it\/wp-content\/uploads\/2021\/11\/17-1024x768.jpg","contentUrl":"https:\/\/deadeimari.it\/wp-content\/uploads\/2021\/11\/17-1024x768.jpg"},{"@type":"BreadcrumbList","@id":"https:\/\/deadeimari.it\/de\/firmenaktivitaeten\/#breadcrumb","itemListElement":[{"@type":"ListItem","position":1,"name":"Home","item":"https:\/\/deadeimari.it\/de\/"},{"@type":"ListItem","position":2,"name":"Firmenaktivit\u00e4ten"}]},{"@type":"WebSite","@id":"https:\/\/deadeimari.it\/de\/#website","url":"https:\/\/deadeimari.it\/de\/","name":"Dea dei Mari","description":"Noleggio barche a vela La Spezia, Portovenere, Fezzano e Castiglioncello.","publisher":{"@id":"https:\/\/deadeimari.it\/de\/#organization"},"alternateName":"deadeimari","potentialAction":[{"@type":"SearchAction","target":{"@type":"EntryPoint","urlTemplate":"https:\/\/deadeimari.it\/de\/?s={search_term_string}"},"query-input":{"@type":"PropertyValueSpecification","valueRequired":true,"valueName":"search_term_string"}}],"inLanguage":"de"},{"@type":"Organization","@id":"https:\/\/deadeimari.it\/de\/#organization","name":"Dea dei Mari s.r.l.","alternateName":"deadeimari","url":"https:\/\/deadeimari.it\/de\/","logo":{"@type":"ImageObject","inLanguage":"de","@id":"https:\/\/deadeimari.it\/de\/#\/schema\/logo\/image\/","url":"https:\/\/deadeimari.it\/wp-content\/uploads\/2025\/03\/LOGO-DEA-DEI-MARI.jpg","contentUrl":"https:\/\/deadeimari.it\/wp-content\/uploads\/2025\/03\/LOGO-DEA-DEI-MARI.jpg","width":1500,"height":1500,"caption":"Dea dei Mari s.r.l."},"image":{"@id":"https:\/\/deadeimari.it\/de\/#\/schema\/logo\/image\/"},"sameAs":["https:\/\/it-it.facebook.com\/deadeimari"]}]}},"_links":{"self":[{"href":"https:\/\/deadeimari.it\/de\/wp-json\/wp\/v2\/pages\/4328","targetHints":{"allow":["GET"]}}],"collection":[{"href":"https:\/\/deadeimari.it\/de\/wp-json\/wp\/v2\/pages"}],"about":[{"href":"https:\/\/deadeimari.it\/de\/wp-json\/wp\/v2\/types\/page"}],"author":[{"embeddable":true,"href":"https:\/\/deadeimari.it\/de\/wp-json\/wp\/v2\/users\/1"}],"replies":[{"embeddable":true,"href":"https:\/\/deadeimari.it\/de\/wp-json\/wp\/v2\/comments?post=4328"}],"version-history":[{"count":3,"href":"https:\/\/deadeimari.it\/de\/wp-json\/wp\/v2\/pages\/4328\/revisions"}],"predecessor-version":[{"id":7621,"href":"https:\/\/deadeimari.it\/de\/wp-json\/wp\/v2\/pages\/4328\/revisions\/7621"}],"wp:attachment":[{"href":"https:\/\/deadeimari.it\/de\/wp-json\/wp\/v2\/media?parent=4328"}],"curies":[{"name":"wp","href":"https:\/\/api.w.org\/{rel}","templated":true}]}}