{"id":5120,"date":"2022-01-29T09:33:27","date_gmt":"2022-01-29T09:33:27","guid":{"rendered":"https:\/\/deadeimari.it\/cookie-policy\/"},"modified":"2024-05-17T11:02:08","modified_gmt":"2024-05-17T09:02:08","slug":"cookie-policy","status":"publish","type":"page","link":"https:\/\/deadeimari.it\/de\/cookie-policy\/","title":{"rendered":"Cookie Policy"},"content":{"rendered":"\t\t<div data-elementor-type=\"wp-page\" data-elementor-id=\"5120\" class=\"elementor elementor-5120 elementor-2428\" data-elementor-post-type=\"page\">\n\t\t\t\t\t\t<section class=\"elementor-section elementor-top-section elementor-element elementor-element-12fa778c elementor-section-boxed elementor-section-height-default elementor-section-height-default\" data-id=\"12fa778c\" data-element_type=\"section\" data-e-type=\"section\">\n\t\t\t\t\t\t<div class=\"elementor-container elementor-column-gap-default\">\n\t\t\t\t\t<div class=\"elementor-column elementor-col-100 elementor-top-column elementor-element elementor-element-f3e942a\" data-id=\"f3e942a\" data-element_type=\"column\" data-e-type=\"column\">\n\t\t\t<div class=\"elementor-widget-wrap elementor-element-populated\">\n\t\t\t\t\t\t<div class=\"elementor-element elementor-element-4db51186 elementor-widget elementor-widget-text-editor\" data-id=\"4db51186\" data-element_type=\"widget\" data-e-type=\"widget\" data-widget_type=\"text-editor.default\">\n\t\t\t\t<div class=\"elementor-widget-container\">\n\t\t\t\t\t\t\t\t\t<h1 class=\"cookie-policy-h1\"><span style=\"color: #000000;\">Cookie Policy<\/span><\/h1><p><span style=\"color: #000000;\">Effective Date: 17-May-2024 <\/span><br \/><span style=\"color: #000000;\">Last Updated: 17-May-2024<\/span><\/p><h5><span style=\"color: #000000;\">Was sind Cookies?<\/span><\/h5><div class=\"cookie-policy-p\"><p><span style=\"color: #000000;\">Diese\u00a0<a class=\"cursor-pointer\" style=\"color: #000000;\" title=\"www.google.com\/search?q=Cookie-Richtlinie\"><span class=\"linkify2-link-inner-text\">Cookie-Richtlinie<\/span><\/a>\u00a0erkl\u00e4rt, was Cookies sind und wie wir sie verwenden, welche Arten von Cookies wir verwenden, d.h. welche Informationen wir mithilfe von Cookies sammeln und wie diese Informationen verwendet werden, sowie wie die Cookie-Einstellungen verwaltet werden k\u00f6nnen.<\/span><\/p><p><span style=\"color: #000000;\">Cookies sind kleine Textdateien, die verwendet werden, um kleine Informationsst\u00fccke zu speichern. Sie werden auf Ihrem Ger\u00e4t gespeichert, wenn die Website in Ihrem Browser geladen wird. Diese Cookies helfen uns dabei, die Website ordnungsgem\u00e4\u00df funktionieren zu lassen, sie sicherer zu machen, eine bessere Benutzererfahrung zu bieten und zu verstehen, wie die Website funktioniert und zu analysieren, was funktioniert und wo Verbesserungen erforderlich sind.&#8220;<\/span><\/p><p><span style=\"color: #000000;\">Bitte lass mich wissen, wenn du noch weitere Fragen hast!<\/span><\/p><\/div><h5><span style=\"color: #000000;\">Wie verwenden wir Cookies?<\/span><\/h5><div class=\"cookie-policy-p\"><p><span style=\"color: #000000;\">Wie die meisten Online-Dienste verwendet unsere Website f\u00fcr verschiedene Zwecke Erst- und Drittanbieter-Cookies. Erstanbieter-Cookies sind in den meisten F\u00e4llen f\u00fcr die ordnungsgem\u00e4\u00dfe Funktion der Website erforderlich und erfassen keine personenbezogenen Daten von Ihnen.<\/span><\/p><p><span style=\"color: #000000;\">Die auf unserer Website verwendeten Cookies von Drittanbietern dienen haupts\u00e4chlich dazu, zu verstehen, wie die Website funktioniert, wie Sie mit unserer Website interagieren, unsere Dienste sicher zu halten, f\u00fcr Sie relevante Werbung bereitzustellen und Ihnen insgesamt einen besseren und verbesserten Benutzer zu bieten Erfahrung und helfen Sie dabei, Ihre zuk\u00fcnftigen Interaktionen mit unserer Website zu beschleunigen.<\/span><\/p><\/div><h5><span style=\"color: #000000;\">Arten von Cookies, die wir verwenden<\/span><\/h5><div class=\"cky-audit-table-element\">\u00a0<\/div><h5><span style=\"color: #000000;\">Cookie-Einstellungen verwalten<\/span><\/h5><p><span style=\"color: #000000;\"><a class=\"cky-banner-element\" style=\"color: #000000;\">Cookie Settings<\/a> <\/span><\/p><div><p><span style=\"color: #000000;\">Sie k\u00f6nnen Ihre Cookie-Einstellungen jederzeit \u00e4ndern, indem Sie auf die Schaltfl\u00e4che oben klicken. Dadurch k\u00f6nnen Sie das Cookie-Einwilligungsbanner erneut aufrufen und Ihre Einstellungen \u00e4ndern oder Ihre Einwilligung sofort widerrufen.<\/span><\/p><p><span style=\"color: #000000;\">Dar\u00fcber hinaus bieten verschiedene Browser unterschiedliche Methoden zum Blockieren und L\u00f6schen von Cookies, die von Websites verwendet werden. Sie k\u00f6nnen die Einstellungen Ihres Browsers \u00e4ndern, um die Cookies zu blockieren\/l\u00f6schen. Nachfolgend sind die Links zu den Supportdokumenten zum Verwalten und L\u00f6schen von Cookies in den wichtigsten Webbrowsern aufgef\u00fchrt.<\/span><\/p><p><span style=\"color: #000000;\">Chrome: <a style=\"color: #000000;\" href=\"https:\/\/support.google.com\/accounts\/answer\/32050\" target=\"_blank\" rel=\"noopener\">https:\/\/support.google.com\/accounts\/answer\/32050<\/a><\/span><\/p><p><span style=\"color: #000000;\">Safari: <a style=\"color: #000000;\" href=\"https:\/\/support.apple.com\/en-in\/guide\/safari\/sfri11471\/mac\" target=\"_blank\" rel=\"noopener\">https:\/\/support.apple.com\/en-in\/guide\/safari\/sfri11471\/mac<\/a><\/span><\/p><p><span style=\"color: #000000;\">Firefox: <a style=\"color: #000000;\" href=\"https:\/\/support.mozilla.org\/en-US\/kb\/clear-cookies-and-site-data-firefox?redirectslug=delete-cookies-remove-info-websites-stored&amp;redirectlocale=en-US\" target=\"_blank\" rel=\"noopener\">https:\/\/support.mozilla.org\/en-US\/kb\/clear-cookies-and-site-data-firefox?redirectslug=delete-cookies-remove-info-websites-stored&amp;redirectlocale=en-US<\/a><\/span><\/p><p><span style=\"color: #000000;\">Internet Explorer: <a style=\"color: #000000;\" href=\"https:\/\/support.microsoft.com\/en-us\/topic\/how-to-delete-cookie-files-in-internet-explorer-bca9446f-d873-78de-77ba-d42645fa52fc\" target=\"_blank\" rel=\"noopener\">https:\/\/support.microsoft.com\/en-us\/topic\/how-to-delete-cookie-files-in-internet-explorer-bca9446f-d873-78de-77ba-d42645fa52fc<\/a><\/span><\/p><p><span style=\"color: #000000;\">If you are using any other web browser, please visit your browser\u2019s official support documents.<\/span><\/p><\/div><p class=\"cookie-policy-p\"><span style=\"color: #000000;\">Cookie Policy Generated By <a style=\"color: #000000;\" href=\"https:\/\/www.cookieyes.com\/?utm_source=CP&amp;utm_medium=footer&amp;utm_campaign=UW\" target=\"_blank\" rel=\"noopener\">CookieYes &#8211; Cookie Policy Generator<\/a>.<\/span><\/p>\t\t\t\t\t\t\t\t<\/div>\n\t\t\t\t<\/div>\n\t\t\t\t\t<\/div>\n\t\t<\/div>\n\t\t\t\t\t<\/div>\n\t\t<\/section>\n\t\t\t\t<\/div>\n\t\t","protected":false},"excerpt":{"rendered":"<p>Cookie Policy Effective Date: 17-May-2024 Last Updated: 17-May-2024 Was sind Cookies? Diese\u00a0Cookie-Richtlinie\u00a0erkl\u00e4rt, was Cookies sind und wie wir sie verwenden, welche Arten von Cookies wir verwenden, d.h. welche Informationen wir mithilfe von Cookies sammeln und wie diese Informationen verwendet werden, sowie wie die Cookie-Einstellungen verwaltet werden k\u00f6nnen. Cookies sind kleine Textdateien, die verwendet werden, um [&hellip;]<\/p>\n","protected":false},"author":1,"featured_media":0,"parent":0,"menu_order":0,"comment_status":"closed","ping_status":"closed","template":"","meta":{"footnotes":""},"class_list":["post-5120","page","type-page","status-publish","hentry"],"yoast_head":"<!-- This site is optimized with the Yoast SEO plugin v27.3 - https:\/\/yoast.com\/product\/yoast-seo-wordpress\/ -->\n<title>Cookie Policy - Dea dei Mari<\/title>\n<meta name=\"robots\" content=\"index, follow, max-snippet:-1, max-image-preview:large, max-video-preview:-1\" \/>\n<link rel=\"canonical\" href=\"https:\/\/deadeimari.it\/de\/cookie-policy\/\" \/>\n<meta property=\"og:locale\" content=\"de_DE\" \/>\n<meta property=\"og:type\" content=\"article\" \/>\n<meta property=\"og:title\" content=\"Cookie Policy - Dea dei Mari\" \/>\n<meta property=\"og:description\" content=\"Cookie Policy Effective Date: 17-May-2024 Last Updated: 17-May-2024 Was sind Cookies? Diese\u00a0Cookie-Richtlinie\u00a0erkl\u00e4rt, was Cookies sind und wie wir sie verwenden, welche Arten von Cookies wir verwenden, d.h. welche Informationen wir mithilfe von Cookies sammeln und wie diese Informationen verwendet werden, sowie wie die Cookie-Einstellungen verwaltet werden k\u00f6nnen. Cookies sind kleine Textdateien, die verwendet werden, um [&hellip;]\" \/>\n<meta property=\"og:url\" content=\"https:\/\/deadeimari.it\/de\/cookie-policy\/\" \/>\n<meta property=\"og:site_name\" content=\"Dea dei Mari\" \/>\n<meta property=\"article:publisher\" content=\"https:\/\/it-it.facebook.com\/deadeimari\" \/>\n<meta property=\"article:modified_time\" content=\"2024-05-17T09:02:08+00:00\" \/>\n<meta property=\"og:image\" content=\"https:\/\/deadeimari.it\/wp-content\/uploads\/2025\/03\/LOGO-DEA-DEI-MARI.jpg?wsr\" \/>\n\t<meta property=\"og:image:width\" content=\"1500\" \/>\n\t<meta property=\"og:image:height\" content=\"1500\" \/>\n\t<meta property=\"og:image:type\" content=\"image\/jpeg\" \/>\n<meta name=\"twitter:card\" content=\"summary_large_image\" \/>\n<meta name=\"twitter:label1\" content=\"Gesch\u00e4tzte Lesezeit\" \/>\n\t<meta name=\"twitter:data1\" content=\"2\u00a0Minuten\" \/>\n<script type=\"application\/ld+json\" class=\"yoast-schema-graph\">{\"@context\":\"https:\\\/\\\/schema.org\",\"@graph\":[{\"@type\":\"WebPage\",\"@id\":\"https:\\\/\\\/deadeimari.it\\\/de\\\/cookie-policy\\\/\",\"url\":\"https:\\\/\\\/deadeimari.it\\\/de\\\/cookie-policy\\\/\",\"name\":\"Cookie Policy - Dea dei Mari\",\"isPartOf\":{\"@id\":\"https:\\\/\\\/deadeimari.it\\\/de\\\/#website\"},\"datePublished\":\"2022-01-29T09:33:27+00:00\",\"dateModified\":\"2024-05-17T09:02:08+00:00\",\"breadcrumb\":{\"@id\":\"https:\\\/\\\/deadeimari.it\\\/de\\\/cookie-policy\\\/#breadcrumb\"},\"inLanguage\":\"de\",\"potentialAction\":[{\"@type\":\"ReadAction\",\"target\":[\"https:\\\/\\\/deadeimari.it\\\/de\\\/cookie-policy\\\/\"]}]},{\"@type\":\"BreadcrumbList\",\"@id\":\"https:\\\/\\\/deadeimari.it\\\/de\\\/cookie-policy\\\/#breadcrumb\",\"itemListElement\":[{\"@type\":\"ListItem\",\"position\":1,\"name\":\"Home\",\"item\":\"https:\\\/\\\/deadeimari.it\\\/de\\\/\"},{\"@type\":\"ListItem\",\"position\":2,\"name\":\"Cookie Policy\"}]},{\"@type\":\"WebSite\",\"@id\":\"https:\\\/\\\/deadeimari.it\\\/de\\\/#website\",\"url\":\"https:\\\/\\\/deadeimari.it\\\/de\\\/\",\"name\":\"Dea dei Mari\",\"description\":\"Noleggio barche a vela La Spezia, Portovenere, Fezzano e Castiglioncello.\",\"publisher\":{\"@id\":\"https:\\\/\\\/deadeimari.it\\\/de\\\/#organization\"},\"alternateName\":\"deadeimari\",\"potentialAction\":[{\"@type\":\"SearchAction\",\"target\":{\"@type\":\"EntryPoint\",\"urlTemplate\":\"https:\\\/\\\/deadeimari.it\\\/de\\\/?s={search_term_string}\"},\"query-input\":{\"@type\":\"PropertyValueSpecification\",\"valueRequired\":true,\"valueName\":\"search_term_string\"}}],\"inLanguage\":\"de\"},{\"@type\":\"Organization\",\"@id\":\"https:\\\/\\\/deadeimari.it\\\/de\\\/#organization\",\"name\":\"Dea dei Mari s.r.l.\",\"alternateName\":\"deadeimari\",\"url\":\"https:\\\/\\\/deadeimari.it\\\/de\\\/\",\"logo\":{\"@type\":\"ImageObject\",\"inLanguage\":\"de\",\"@id\":\"https:\\\/\\\/deadeimari.it\\\/de\\\/#\\\/schema\\\/logo\\\/image\\\/\",\"url\":\"https:\\\/\\\/deadeimari.it\\\/wp-content\\\/uploads\\\/2025\\\/03\\\/LOGO-DEA-DEI-MARI.jpg\",\"contentUrl\":\"https:\\\/\\\/deadeimari.it\\\/wp-content\\\/uploads\\\/2025\\\/03\\\/LOGO-DEA-DEI-MARI.jpg\",\"width\":1500,\"height\":1500,\"caption\":\"Dea dei Mari s.r.l.\"},\"image\":{\"@id\":\"https:\\\/\\\/deadeimari.it\\\/de\\\/#\\\/schema\\\/logo\\\/image\\\/\"},\"sameAs\":[\"https:\\\/\\\/it-it.facebook.com\\\/deadeimari\"]}]}<\/script>\n<!-- \/ Yoast SEO plugin. -->","yoast_head_json":{"title":"Cookie Policy - Dea dei Mari","robots":{"index":"index","follow":"follow","max-snippet":"max-snippet:-1","max-image-preview":"max-image-preview:large","max-video-preview":"max-video-preview:-1"},"canonical":"https:\/\/deadeimari.it\/de\/cookie-policy\/","og_locale":"de_DE","og_type":"article","og_title":"Cookie Policy - Dea dei Mari","og_description":"Cookie Policy Effective Date: 17-May-2024 Last Updated: 17-May-2024 Was sind Cookies? Diese\u00a0Cookie-Richtlinie\u00a0erkl\u00e4rt, was Cookies sind und wie wir sie verwenden, welche Arten von Cookies wir verwenden, d.h. welche Informationen wir mithilfe von Cookies sammeln und wie diese Informationen verwendet werden, sowie wie die Cookie-Einstellungen verwaltet werden k\u00f6nnen. Cookies sind kleine Textdateien, die verwendet werden, um [&hellip;]","og_url":"https:\/\/deadeimari.it\/de\/cookie-policy\/","og_site_name":"Dea dei Mari","article_publisher":"https:\/\/it-it.facebook.com\/deadeimari","article_modified_time":"2024-05-17T09:02:08+00:00","og_image":[{"width":1500,"height":1500,"url":"https:\/\/deadeimari.it\/wp-content\/uploads\/2025\/03\/LOGO-DEA-DEI-MARI.jpg?wsr","type":"image\/jpeg"}],"twitter_card":"summary_large_image","twitter_misc":{"Gesch\u00e4tzte Lesezeit":"2\u00a0Minuten"},"schema":{"@context":"https:\/\/schema.org","@graph":[{"@type":"WebPage","@id":"https:\/\/deadeimari.it\/de\/cookie-policy\/","url":"https:\/\/deadeimari.it\/de\/cookie-policy\/","name":"Cookie Policy - Dea dei Mari","isPartOf":{"@id":"https:\/\/deadeimari.it\/de\/#website"},"datePublished":"2022-01-29T09:33:27+00:00","dateModified":"2024-05-17T09:02:08+00:00","breadcrumb":{"@id":"https:\/\/deadeimari.it\/de\/cookie-policy\/#breadcrumb"},"inLanguage":"de","potentialAction":[{"@type":"ReadAction","target":["https:\/\/deadeimari.it\/de\/cookie-policy\/"]}]},{"@type":"BreadcrumbList","@id":"https:\/\/deadeimari.it\/de\/cookie-policy\/#breadcrumb","itemListElement":[{"@type":"ListItem","position":1,"name":"Home","item":"https:\/\/deadeimari.it\/de\/"},{"@type":"ListItem","position":2,"name":"Cookie Policy"}]},{"@type":"WebSite","@id":"https:\/\/deadeimari.it\/de\/#website","url":"https:\/\/deadeimari.it\/de\/","name":"Dea dei Mari","description":"Noleggio barche a vela La Spezia, Portovenere, Fezzano e Castiglioncello.","publisher":{"@id":"https:\/\/deadeimari.it\/de\/#organization"},"alternateName":"deadeimari","potentialAction":[{"@type":"SearchAction","target":{"@type":"EntryPoint","urlTemplate":"https:\/\/deadeimari.it\/de\/?s={search_term_string}"},"query-input":{"@type":"PropertyValueSpecification","valueRequired":true,"valueName":"search_term_string"}}],"inLanguage":"de"},{"@type":"Organization","@id":"https:\/\/deadeimari.it\/de\/#organization","name":"Dea dei Mari s.r.l.","alternateName":"deadeimari","url":"https:\/\/deadeimari.it\/de\/","logo":{"@type":"ImageObject","inLanguage":"de","@id":"https:\/\/deadeimari.it\/de\/#\/schema\/logo\/image\/","url":"https:\/\/deadeimari.it\/wp-content\/uploads\/2025\/03\/LOGO-DEA-DEI-MARI.jpg","contentUrl":"https:\/\/deadeimari.it\/wp-content\/uploads\/2025\/03\/LOGO-DEA-DEI-MARI.jpg","width":1500,"height":1500,"caption":"Dea dei Mari s.r.l."},"image":{"@id":"https:\/\/deadeimari.it\/de\/#\/schema\/logo\/image\/"},"sameAs":["https:\/\/it-it.facebook.com\/deadeimari"]}]}},"_links":{"self":[{"href":"https:\/\/deadeimari.it\/de\/wp-json\/wp\/v2\/pages\/5120","targetHints":{"allow":["GET"]}}],"collection":[{"href":"https:\/\/deadeimari.it\/de\/wp-json\/wp\/v2\/pages"}],"about":[{"href":"https:\/\/deadeimari.it\/de\/wp-json\/wp\/v2\/types\/page"}],"author":[{"embeddable":true,"href":"https:\/\/deadeimari.it\/de\/wp-json\/wp\/v2\/users\/1"}],"replies":[{"embeddable":true,"href":"https:\/\/deadeimari.it\/de\/wp-json\/wp\/v2\/comments?post=5120"}],"version-history":[{"count":0,"href":"https:\/\/deadeimari.it\/de\/wp-json\/wp\/v2\/pages\/5120\/revisions"}],"wp:attachment":[{"href":"https:\/\/deadeimari.it\/de\/wp-json\/wp\/v2\/media?parent=5120"}],"curies":[{"name":"wp","href":"https:\/\/api.w.org\/{rel}","templated":true}]}}