{"id":5147,"date":"2021-08-28T07:48:07","date_gmt":"2021-08-28T07:48:07","guid":{"rendered":"https:\/\/deadeimari.it\/privacy-policy\/"},"modified":"2024-05-17T11:27:02","modified_gmt":"2024-05-17T09:27:02","slug":"privacy-policy","status":"publish","type":"page","link":"https:\/\/deadeimari.it\/de\/privacy-policy\/","title":{"rendered":"Privacy Policy"},"content":{"rendered":"\t\t<div data-elementor-type=\"wp-page\" data-elementor-id=\"5147\" class=\"elementor elementor-5147 elementor-3\" data-elementor-post-type=\"page\">\n\t\t\t\t\t\t<section class=\"elementor-section elementor-top-section elementor-element elementor-element-10d8eb48 elementor-section-boxed elementor-section-height-default elementor-section-height-default\" data-id=\"10d8eb48\" data-element_type=\"section\" data-e-type=\"section\">\n\t\t\t\t\t\t<div class=\"elementor-container elementor-column-gap-default\">\n\t\t\t\t\t<div class=\"elementor-column elementor-col-100 elementor-top-column elementor-element elementor-element-2662fa45\" data-id=\"2662fa45\" data-element_type=\"column\" data-e-type=\"column\">\n\t\t\t<div class=\"elementor-widget-wrap elementor-element-populated\">\n\t\t\t\t\t\t<div class=\"elementor-element elementor-element-6f90252e elementor-widget elementor-widget-text-editor\" data-id=\"6f90252e\" data-element_type=\"widget\" data-e-type=\"widget\" data-widget_type=\"text-editor.default\">\n\t\t\t\t<div class=\"elementor-widget-container\">\n\t\t\t\t\t\t\t\t\t<div class=\"row\"><div class=\"col-xs-12\"><div class=\"row\"><div class=\"row\"><h3 class=\"col-xs-12\"><span style=\"color: #000000;\">INFORMATIONEN ZUR VERARBEITUNG PERSONENBEZOGENER DATEN<\/span><\/h3><h6 class=\"col-xs-12\"><span style=\"color: #000000;\">gem\u00e4\u00df Verordnung (EU) 2016\/679 des Europ\u00e4ischen Parlaments und des Rates vom 27. April 2016 (DSGVO)<\/span><\/h6><\/div><div class=\"row\"><div class=\"main col-md-8\"><h4><span style=\"color: #000000;\"><strong>Pr\u00e4misse<\/strong><\/span><\/h4><p><span style=\"color: #000000;\"><strong>Diese Informationen werden f\u00fcr die Website deadeimari.it<\/strong>\u00a0(Website) bereitgestellt\u00a0\u00a0, die Eigentum von Dea dei Mari srl ist, mit Sitz in Via dei Colli, 9 La Spezia SP 19121 IT, registriert bei der Handelskammer von La Spezia, mit der Umsatzsteuer-Identifikationsnummer. 01236370118, Stammkapital 30.000,00 \u20ac iv (Datenverantwortlicher), als Datenverantwortlicher gem\u00e4\u00df DSGVO.<\/span><\/p><h4><span style=\"color: #000000;\"><strong>Eink\u00e4ufe auf der Website<\/strong><\/span><\/h4><p><span style=\"color: #000000;\">Nach Ihrer Bereitstellung werden Ihre personenbezogenen Daten verarbeitet, um Ihnen die Durchf\u00fchrung von Eink\u00e4ufen auf der Website zu erm\u00f6glichen.<\/span><\/p><h4><span style=\"color: #000000;\"><strong>Marketing<\/strong><\/span><\/h4><p><span style=\"color: #000000;\">Vorbehaltlich Ihrer Einwilligung kann der Datenverantwortliche die von Ihnen zur Verf\u00fcgung gestellten personenbezogenen Daten verarbeiten, um Ihnen Werbematerial und\/oder Newsletter im Zusammenhang mit seinen eigenen Diensten oder den Diensten Dritter zuzusenden.<\/span><\/p><h4><span style=\"color: #000000;\"><strong>Soft-Spamming<\/strong><\/span><\/h4><p><span style=\"color: #000000;\">Der Datenverantwortliche kann zum Zwecke des Direktverkaufs der \u00fcber die Website zum Verkauf angebotenen Dienstleistungen die von Ihnen im Rahmen eines Kaufs auf der Website angegebenen E-Mail-Koordinaten verwenden, auch ohne Ihre Zustimmung, sofern es sich um eine handelt Service \u00e4hnlich dem des vorherigen Verkaufs (sog. Soft-Spamming). Sie k\u00f6nnen dieser Verarbeitung jedoch jederzeit widersprechen, indem Sie dem Datenverantwortlichen Ihren Widerspruch mitteilen.<\/span><\/p><p class=\"page-separator\" style=\"text-align: center;\"><span style=\"color: #000000;\">***<\/span><\/p><p><span style=\"color: #000000;\">In \u00dcbereinstimmung mit der DSGVO informieren wir Sie hiermit dar\u00fcber, dass der Datenverantwortliche die Sie betreffenden personenbezogenen Daten unter den folgenden Bedingungen verarbeitet.<\/span><\/p><p><span style=\"color: #000000;\"><strong>Art. 1.<\/strong>\u00a0Zweck und Rechtsgrundlage der Verarbeitung. Obligatorische oder optionale Bereitstellung. Folgen einer Behandlungsverweigerung.<\/span><\/p><p><span style=\"color: #000000;\">Die Verarbeitung personenbezogener Daten dient der Erreichung folgender Zwecke:<\/span><\/p><p><span style=\"color: #000000;\"><strong>\u00a0 \u00a0Zu.<\/strong>\u00a0um die Einhaltung der Verpflichtungen zu erm\u00f6glichen, die sich aus den geltenden Gesetzen und Vorschriften ergeben, insbesondere in den Bereichen Verwaltung, Buchhaltung und \u00f6ffentliche Sicherheit. Die Rechtsgrundlage der Verarbeitung ist die Notwendigkeit f\u00fcr den Datenverantwortlichen, vorvertragliche Ma\u00dfnahmen durchzuf\u00fchren, die auf Wunsch des Interessenten getroffen werden, oder um einer rechtlichen Verpflichtung nachzukommen;<\/span><\/p><p><span style=\"color: #000000;\"><strong>\u00a0 \u00a0B.<\/strong>\u00a0im Falle einer Online-Kaufbestellung, um den Abschluss des Kaufvertrags und die korrekte Ausf\u00fchrung der damit verbundenen Vorg\u00e4nge zu erm\u00f6glichen (und, falls aufgrund der Branchengesetzgebung erforderlich, um steuerliche Verpflichtungen zu erf\u00fcllen). Die Rechtsgrundlage der Verarbeitung ist die Verpflichtung des Datenverantwortlichen, den Vertrag mit dem Interessenten auszuf\u00fchren oder rechtliche Verpflichtungen zu erf\u00fcllen;<\/span><\/p><p><span style=\"color: #000000;\"><strong>\u00a0 \u00a0C.<\/strong>\u00a0auf die E-Mail-Koordinaten beschr\u00e4nkt, die Sie im Rahmen eines Kaufs \u00fcber die Website angegeben haben, um das direkte Angebot \u00e4hnlicher Dienste durch den Datenverantwortlichen (sog. Soft-Spamming) zu erm\u00f6glichen, sofern Sie einer solchen Verarbeitung nicht widersprechen auf die in dieser Information vorgesehene Art und Weise. Die Rechtsgrundlage der Verarbeitung ist das berechtigte Interesse des Datenverantwortlichen an der Zusendung dieser Art von Mitteilungen. Dieses berechtigte Interesse kann mit dem Interesse des Betroffenen am Erhalt von \u201eSoft-Spam\u201c-Mitteilungen gleichgesetzt werden;<\/span><\/p><p><span style=\"color: #000000;\"><strong>\u00a0 \u00a0D.<\/strong>\u00a0Vorbehaltlich Ihrer Zustimmung zum Versenden von Newslettern und zur Durchf\u00fchrung von Marktumfragen, auch mit dem Ziel, den Grad der Benutzerzufriedenheit zu bewerten, sowie zum Versenden von Werbematerial im Zusammenhang mit Dienstleistungen des Datenverantwortlichen und\/oder Dritter \u00fcber Systeme wie E-Mail , Fax, SMS, MMS, herk\u00f6mmliche Methoden (Papierpost und\/oder Telefon) (Marketingzwecke); Rechtsgrundlage der Verarbeitung ist die Einwilligung des Interessenten;<\/span><\/p><p><span style=\"color: #000000;\"><strong>\u00a0 \u00a0Und.<\/strong>\u00a0um Ihre Anfragen \u00fcber den Kundendienst zu beantworten. Die Bereitstellung ist optional, aber Ihre Weigerung macht es f\u00fcr den Datenverantwortlichen unm\u00f6glich, Ihre Fragen \u00fcber diesen Dienst zu beantworten. Die Rechtsgrundlage der Verarbeitung ist das berechtigte Interesse des Datenverantwortlichen, den Anfragen des Benutzers nachzukommen. Dieses berechtigte Interesse entspricht dem Interesse des Nutzers, Antworten auf Mitteilungen zu erhalten, die an den Datenverantwortlichen gesendet werden;<\/span><\/p><p><span style=\"color: #000000;\"><strong>\u00a0 \u00a0F.<\/strong>\u00a0um per E-Mail oder Telefon auf Ihre Anfragen zu antworten. Die Bereitstellung ist optional, Ihre Weigerung f\u00fchrt jedoch dazu, dass der Datenverantwortliche nicht auf Ihre Anfragen reagieren kann. Die Rechtsgrundlage der Verarbeitung ist das berechtigte Interesse des Datenverantwortlichen, auf die Anfragen des Benutzers zu reagieren. Dieses berechtigte Interesse entspricht dem Interesse des Nutzers, Antworten auf Mitteilungen zu erhalten, die an den Datenverantwortlichen gesendet werden.<\/span><\/p><p><span style=\"color: #000000;\">Die Bereitstellung der Daten zu den unter Punkt b) genannten Zwecken ist rein freiwillig. Da diese Verarbeitung jedoch erforderlich ist, um die Registrierung auf der Website zu erm\u00f6glichen und einen Kauf auf der Website zu t\u00e4tigen, wird Ihre Weigerung, die betreffenden Daten anzugeben, dazu f\u00fchren, dass Sie sich nicht auf der Website registrieren und einen solchen Kauf \u00fcber die Website t\u00e4tigen k\u00f6nnen.<\/span><\/p><p><span style=\"color: #000000;\">Die Einwilligung in die Verarbeitung Ihrer Daten zu Marketingzwecken ist rein optional. Eine Nichterteilung der Einwilligung hat ausschlie\u00dflich die nachfolgend beschriebenen Konsequenzen.<\/span><\/p><p><span style=\"color: #000000;\">Wenn Sie der Verarbeitung von Daten zu Marketingzwecken nicht zustimmen, ist es Ihnen nicht m\u00f6glich, Werbematerial im Zusammenhang mit Dienstleistungen des Datenverantwortlichen und\/oder Dritter zu erhalten, und es ist dem Datenverantwortlichen auch nicht m\u00f6glich, Marktforschung durchzuf\u00fchren, auch nicht direkt um den Grad der Benutzerzufriedenheit zu bewerten und Ihnen Newsletter zuzusenden.<\/span><\/p><p><span style=\"color: #000000;\">Unbeschadet des Vorstehenden wird davon ausgegangen, dass der Datenverantwortliche Ihre personenbezogenen Daten in jedem Fall ausschlie\u00dflich zum Zweck der ordnungsgem\u00e4\u00dfen Erf\u00fcllung der durch die geltenden Gesetze festgelegten Verpflichtungen und der Verpflichtungen, die sich aus den zwischen Ihnen und den Daten bestehenden Vertragsverh\u00e4ltnissen ergeben, verwenden darf Regler.<\/span><\/p><p><span style=\"color: #000000;\">Wir erinnern Sie daran, dass Sie der Verarbeitung Ihrer personenbezogenen Daten auch \u00fcber einen speziellen Link am Ende jeder vom Datenverantwortlichen gesendeten E-Mail mit Werbeinhalten widersprechen k\u00f6nnen. Der so zum Ausdruck gebrachte Widerspruch erstreckt sich auch auf den Versand von Mitteilungen \u00fcber den Postdienst.<\/span><\/p><h4><span style=\"color: #000000;\"><strong>Spezielle oder gerichtliche Daten<\/strong><\/span><\/h4><p><span style=\"color: #000000;\">Der Datenverantwortliche verarbeitet keine personenbezogenen oder gerichtlichen Daten.<\/span><\/p><p><span style=\"color: #000000;\"><strong>Art. 2. Verarbeitungsmethoden<\/strong><\/span><\/p><p><span style=\"color: #000000;\">Die Verarbeitung Ihrer personenbezogenen Daten erfolgt haupts\u00e4chlich mit Hilfe elektronischer oder automatisierter Mittel und entsprechend den Methoden und Werkzeugen, die geeignet sind, ihre Sicherheit und Vertraulichkeit im Einklang mit der DSGVO zu gew\u00e4hrleisten.<\/span><\/p><p><span style=\"color: #000000;\">Die erfassten Informationen und die Verarbeitungsmethoden m\u00fcssen im Hinblick auf die Art der erbrachten Dienstleistungen relevant und nicht \u00fcbertrieben sein. Die Daten werden auch in Umgebungen verwaltet und gesch\u00fctzt, deren Zugriff st\u00e4ndig kontrolliert wird.<\/span><\/p><p><span style=\"color: #000000;\"><strong>Art. 3. Kommunikation und Verbreitung von Daten<\/strong><\/span><\/p><p><span style=\"color: #000000;\">Ihre Daten k\u00f6nnen weitergegeben werden:<\/span><\/p><ul><li><ul><li><span style=\"color: #000000;\">an alle Personen (einschlie\u00dflich Beh\u00f6rden), die aufgrund beh\u00f6rdlicher oder beh\u00f6rdlicher Bestimmungen Zugriff auf personenbezogene Daten haben<\/span><\/li><li><span style=\"color: #000000;\">an Bankinstitute und Unternehmen, die nationale oder internationale Zahlungsstr\u00f6me verwalten, \u00fcber die Online-Zahlungen f\u00fcr \u00fcber die Website gekaufte Produkte erfolgen<\/span><\/li><li><span style=\"color: #000000;\">an Unternehmen, Berater oder Fachleute, die m\u00f6glicherweise f\u00fcr die Installation, Wartung, Aktualisierung und allgemein die Verwaltung der Hardware und Software des Datenverantwortlichen verantwortlich sind oder die dieser f\u00fcr die Erbringung seiner Dienste nutzt<\/span><\/li><li><span style=\"color: #000000;\">an externe Unternehmen, die im Auftrag des Datenverantwortlichen f\u00fcr den Versand von Werbemitteilungen verantwortlich sind<\/span><\/li><li><span style=\"color: #000000;\">an die Mitarbeiter und\/oder Mitarbeiter des Datenverantwortlichen<\/span><\/li><li><span style=\"color: #000000;\">an das Unternehmen, das mit der Durchf\u00fchrung der Kundenbetreuungst\u00e4tigkeit beauftragt ist<\/span><\/li><li><span style=\"color: #000000;\">an alle \u00f6ffentlichen und\/oder privaten Einrichtungen, nat\u00fcrlichen und\/oder juristischen Personen (Rechts-, Verwaltungs- und Steuerberatungsfirmen, Justiz\u00e4mter, Handelskammern, Kammern und Arbeits\u00e4mter usw.), sofern die Kommunikation f\u00fcr die Person notwendig oder zweckm\u00e4\u00dfig ist ordnungsgem\u00e4\u00dfe Erf\u00fcllung der sich aus dem Gesetz ergebenden Verpflichtungen.<\/span><\/li><\/ul><\/li><\/ul><p><span style=\"color: #000000;\">Die Sie betreffenden Daten werden, au\u00dfer in anonymisierter und aggregierter Form, nicht f\u00fcr statistische oder Forschungszwecke weitergegeben.<\/span><\/p><p><span style=\"color: #000000;\"><strong>Art. 4. Datenverantwortlicher<\/strong><\/span><\/p><p><span style=\"color: #000000;\">Der Datenverantwortliche f\u00fcr personenbezogene Daten kann unter den folgenden Adressen kontaktiert werden:<\/span><\/p><p><span style=\"color: #000000;\">Dea dei Mari srl via dei Colli, 9 La Spezia SP 19121 IT<\/span><br \/><span style=\"color: #000000;\">Telefon: +393482283124<\/span><br \/><span style=\"color: #000000;\">E-Mail: info@deadeimari.it<\/span><br \/><span style=\"color: #000000;\">\u00dcber das Kontaktformular auf der Website.<\/span><\/p><p><span style=\"color: #000000;\"><strong>Art. 5. Speicherung personenbezogener Daten<\/strong><\/span><\/p><p><span style=\"color: #000000;\">Personenbezogene Daten werden f\u00fcr einen Zeitraum von 36 Monaten zu Marketingzwecken gespeichert und verarbeitet. Nach Ablauf dieses Zeitraums kann der Datenverantwortliche den Benutzer bitten, seine Einwilligung zur Verarbeitung seiner Daten f\u00fcr diese Zwecke zu erneuern oder sie zu anonymisieren und ausschlie\u00dflich f\u00fcr statistische oder historische Zwecke aufzubewahren.<\/span><\/p><p><span style=\"color: #000000;\">F\u00fcr alle \u00fcbrigen in der Datenschutzerkl\u00e4rung genannten Zwecke werden personenbezogene Daten nur so lange gespeichert, wie es f\u00fcr die ordnungsgem\u00e4\u00dfe Erbringung der angebotenen Dienste erforderlich ist.<\/span><\/p><p><span style=\"color: #000000;\"><strong>Art. 6. Rechte des Interessenten<\/strong><\/span><\/p><p><span style=\"color: #000000;\">Gem\u00e4\u00df Art. Gem\u00e4\u00df Artikel 13 der Datenschutzverordnung informiert Sie der Datenverantwortliche dar\u00fcber, dass Sie das Recht haben:<\/span><\/p><ul><li><ul><li><span style=\"color: #000000;\">Zus\u00e4tzlich zum Recht auf Daten\u00fcbertragbarkeit k\u00f6nnen Sie den Datenverantwortlichen auffordern, auf Ihre personenbezogenen Daten zuzugreifen und diese zu berichtigen oder zu l\u00f6schen oder die Verarbeitung, die Sie betrifft, einzuschr\u00e4nken oder sich der Verarbeitung zu widersetzen<\/span><\/li><li><span style=\"color: #000000;\">Die Einwilligung kann jederzeit widerrufen werden, unbeschadet der Rechtm\u00e4\u00dfigkeit der Verarbeitung, die auf der vor dem Widerruf erteilten Einwilligung beruht<\/span><\/li><li><span style=\"color: #000000;\">eine Beschwerde bei einer Aufsichtsbeh\u00f6rde einreichen (z. B. dem Garanten f\u00fcr den Schutz personenbezogener Daten).<\/span><\/li><\/ul><\/li><\/ul><p><span style=\"color: #000000;\">Die oben genannten Rechte k\u00f6nnen durch eine formlose Anfrage an den Datenverantwortlichen unter den oben angegebenen Kontakten ausge\u00fcbt werden.<\/span><\/p><p><span style=\"color: #000000;\"><strong>Art. 7. \u00c4nderungen<\/strong><\/span><\/p><p><span style=\"color: #000000;\">Der Datenverantwortliche beh\u00e4lt sich das Recht vor, diese Informationen jederzeit zu \u00e4ndern, um die Benutzer der Website angemessen zu informieren und in jedem Fall einen angemessenen und \u00e4hnlichen Schutz personenbezogener Daten zu gew\u00e4hrleisten. Um eventuelle \u00c4nderungen einzusehen, werden Sie gebeten, diese Informationen regelm\u00e4\u00dfig einzusehen.<\/span><\/p><\/div><\/div><\/div><\/div><\/div>\t\t\t\t\t\t\t\t<\/div>\n\t\t\t\t<\/div>\n\t\t\t\t\t<\/div>\n\t\t<\/div>\n\t\t\t\t\t<\/div>\n\t\t<\/section>\n\t\t\t\t<\/div>\n\t\t","protected":false},"excerpt":{"rendered":"<p>INFORMATIONEN ZUR VERARBEITUNG PERSONENBEZOGENER DATEN gem\u00e4\u00df Verordnung (EU) 2016\/679 des Europ\u00e4ischen Parlaments und des Rates vom 27. April 2016 (DSGVO) Pr\u00e4misse Diese Informationen werden f\u00fcr die Website deadeimari.it\u00a0(Website) bereitgestellt\u00a0\u00a0, die Eigentum von Dea dei Mari srl ist, mit Sitz in Via dei Colli, 9 La Spezia SP 19121 IT, registriert bei der Handelskammer von La [&hellip;]<\/p>\n","protected":false},"author":1,"featured_media":0,"parent":0,"menu_order":0,"comment_status":"closed","ping_status":"closed","template":"","meta":{"footnotes":""},"class_list":["post-5147","page","type-page","status-publish","hentry"],"yoast_head":"<!-- This site is optimized with the Yoast SEO plugin v27.3 - https:\/\/yoast.com\/product\/yoast-seo-wordpress\/ -->\n<title>Privacy Policy - Dea dei Mari<\/title>\n<meta name=\"robots\" content=\"index, follow, max-snippet:-1, max-image-preview:large, max-video-preview:-1\" \/>\n<link rel=\"canonical\" href=\"https:\/\/deadeimari.it\/de\/privacy-policy\/\" \/>\n<meta property=\"og:locale\" content=\"de_DE\" \/>\n<meta property=\"og:type\" content=\"article\" \/>\n<meta property=\"og:title\" content=\"Privacy Policy - Dea dei Mari\" \/>\n<meta property=\"og:description\" content=\"INFORMATIONEN ZUR VERARBEITUNG PERSONENBEZOGENER DATEN gem\u00e4\u00df Verordnung (EU) 2016\/679 des Europ\u00e4ischen Parlaments und des Rates vom 27. April 2016 (DSGVO) Pr\u00e4misse Diese Informationen werden f\u00fcr die Website deadeimari.it\u00a0(Website) bereitgestellt\u00a0\u00a0, die Eigentum von Dea dei Mari srl ist, mit Sitz in Via dei Colli, 9 La Spezia SP 19121 IT, registriert bei der Handelskammer von La [&hellip;]\" \/>\n<meta property=\"og:url\" content=\"https:\/\/deadeimari.it\/de\/privacy-policy\/\" \/>\n<meta property=\"og:site_name\" content=\"Dea dei Mari\" \/>\n<meta property=\"article:publisher\" content=\"https:\/\/it-it.facebook.com\/deadeimari\" \/>\n<meta property=\"article:modified_time\" content=\"2024-05-17T09:27:02+00:00\" \/>\n<meta property=\"og:image\" content=\"https:\/\/deadeimari.it\/wp-content\/uploads\/2025\/03\/LOGO-DEA-DEI-MARI.jpg?wsr\" \/>\n\t<meta property=\"og:image:width\" content=\"1500\" \/>\n\t<meta property=\"og:image:height\" content=\"1500\" \/>\n\t<meta property=\"og:image:type\" content=\"image\/jpeg\" \/>\n<meta name=\"twitter:card\" content=\"summary_large_image\" \/>\n<meta name=\"twitter:label1\" content=\"Gesch\u00e4tzte Lesezeit\" \/>\n\t<meta name=\"twitter:data1\" content=\"7\u00a0Minuten\" \/>\n<script type=\"application\/ld+json\" class=\"yoast-schema-graph\">{\"@context\":\"https:\\\/\\\/schema.org\",\"@graph\":[{\"@type\":\"WebPage\",\"@id\":\"https:\\\/\\\/deadeimari.it\\\/de\\\/privacy-policy\\\/\",\"url\":\"https:\\\/\\\/deadeimari.it\\\/de\\\/privacy-policy\\\/\",\"name\":\"Privacy Policy - Dea dei Mari\",\"isPartOf\":{\"@id\":\"https:\\\/\\\/deadeimari.it\\\/de\\\/#website\"},\"datePublished\":\"2021-08-28T07:48:07+00:00\",\"dateModified\":\"2024-05-17T09:27:02+00:00\",\"breadcrumb\":{\"@id\":\"https:\\\/\\\/deadeimari.it\\\/de\\\/privacy-policy\\\/#breadcrumb\"},\"inLanguage\":\"de\",\"potentialAction\":[{\"@type\":\"ReadAction\",\"target\":[\"https:\\\/\\\/deadeimari.it\\\/de\\\/privacy-policy\\\/\"]}]},{\"@type\":\"BreadcrumbList\",\"@id\":\"https:\\\/\\\/deadeimari.it\\\/de\\\/privacy-policy\\\/#breadcrumb\",\"itemListElement\":[{\"@type\":\"ListItem\",\"position\":1,\"name\":\"Home\",\"item\":\"https:\\\/\\\/deadeimari.it\\\/de\\\/\"},{\"@type\":\"ListItem\",\"position\":2,\"name\":\"Privacy Policy\"}]},{\"@type\":\"WebSite\",\"@id\":\"https:\\\/\\\/deadeimari.it\\\/de\\\/#website\",\"url\":\"https:\\\/\\\/deadeimari.it\\\/de\\\/\",\"name\":\"Dea dei Mari\",\"description\":\"Noleggio barche a vela La Spezia, Portovenere, Fezzano e Castiglioncello.\",\"publisher\":{\"@id\":\"https:\\\/\\\/deadeimari.it\\\/de\\\/#organization\"},\"alternateName\":\"deadeimari\",\"potentialAction\":[{\"@type\":\"SearchAction\",\"target\":{\"@type\":\"EntryPoint\",\"urlTemplate\":\"https:\\\/\\\/deadeimari.it\\\/de\\\/?s={search_term_string}\"},\"query-input\":{\"@type\":\"PropertyValueSpecification\",\"valueRequired\":true,\"valueName\":\"search_term_string\"}}],\"inLanguage\":\"de\"},{\"@type\":\"Organization\",\"@id\":\"https:\\\/\\\/deadeimari.it\\\/de\\\/#organization\",\"name\":\"Dea dei Mari s.r.l.\",\"alternateName\":\"deadeimari\",\"url\":\"https:\\\/\\\/deadeimari.it\\\/de\\\/\",\"logo\":{\"@type\":\"ImageObject\",\"inLanguage\":\"de\",\"@id\":\"https:\\\/\\\/deadeimari.it\\\/de\\\/#\\\/schema\\\/logo\\\/image\\\/\",\"url\":\"https:\\\/\\\/deadeimari.it\\\/wp-content\\\/uploads\\\/2025\\\/03\\\/LOGO-DEA-DEI-MARI.jpg\",\"contentUrl\":\"https:\\\/\\\/deadeimari.it\\\/wp-content\\\/uploads\\\/2025\\\/03\\\/LOGO-DEA-DEI-MARI.jpg\",\"width\":1500,\"height\":1500,\"caption\":\"Dea dei Mari s.r.l.\"},\"image\":{\"@id\":\"https:\\\/\\\/deadeimari.it\\\/de\\\/#\\\/schema\\\/logo\\\/image\\\/\"},\"sameAs\":[\"https:\\\/\\\/it-it.facebook.com\\\/deadeimari\"]}]}<\/script>\n<!-- \/ Yoast SEO plugin. -->","yoast_head_json":{"title":"Privacy Policy - Dea dei Mari","robots":{"index":"index","follow":"follow","max-snippet":"max-snippet:-1","max-image-preview":"max-image-preview:large","max-video-preview":"max-video-preview:-1"},"canonical":"https:\/\/deadeimari.it\/de\/privacy-policy\/","og_locale":"de_DE","og_type":"article","og_title":"Privacy Policy - Dea dei Mari","og_description":"INFORMATIONEN ZUR VERARBEITUNG PERSONENBEZOGENER DATEN gem\u00e4\u00df Verordnung (EU) 2016\/679 des Europ\u00e4ischen Parlaments und des Rates vom 27. April 2016 (DSGVO) Pr\u00e4misse Diese Informationen werden f\u00fcr die Website deadeimari.it\u00a0(Website) bereitgestellt\u00a0\u00a0, die Eigentum von Dea dei Mari srl ist, mit Sitz in Via dei Colli, 9 La Spezia SP 19121 IT, registriert bei der Handelskammer von La [&hellip;]","og_url":"https:\/\/deadeimari.it\/de\/privacy-policy\/","og_site_name":"Dea dei Mari","article_publisher":"https:\/\/it-it.facebook.com\/deadeimari","article_modified_time":"2024-05-17T09:27:02+00:00","og_image":[{"width":1500,"height":1500,"url":"https:\/\/deadeimari.it\/wp-content\/uploads\/2025\/03\/LOGO-DEA-DEI-MARI.jpg?wsr","type":"image\/jpeg"}],"twitter_card":"summary_large_image","twitter_misc":{"Gesch\u00e4tzte Lesezeit":"7\u00a0Minuten"},"schema":{"@context":"https:\/\/schema.org","@graph":[{"@type":"WebPage","@id":"https:\/\/deadeimari.it\/de\/privacy-policy\/","url":"https:\/\/deadeimari.it\/de\/privacy-policy\/","name":"Privacy Policy - Dea dei Mari","isPartOf":{"@id":"https:\/\/deadeimari.it\/de\/#website"},"datePublished":"2021-08-28T07:48:07+00:00","dateModified":"2024-05-17T09:27:02+00:00","breadcrumb":{"@id":"https:\/\/deadeimari.it\/de\/privacy-policy\/#breadcrumb"},"inLanguage":"de","potentialAction":[{"@type":"ReadAction","target":["https:\/\/deadeimari.it\/de\/privacy-policy\/"]}]},{"@type":"BreadcrumbList","@id":"https:\/\/deadeimari.it\/de\/privacy-policy\/#breadcrumb","itemListElement":[{"@type":"ListItem","position":1,"name":"Home","item":"https:\/\/deadeimari.it\/de\/"},{"@type":"ListItem","position":2,"name":"Privacy Policy"}]},{"@type":"WebSite","@id":"https:\/\/deadeimari.it\/de\/#website","url":"https:\/\/deadeimari.it\/de\/","name":"Dea dei Mari","description":"Noleggio barche a vela La Spezia, Portovenere, Fezzano e Castiglioncello.","publisher":{"@id":"https:\/\/deadeimari.it\/de\/#organization"},"alternateName":"deadeimari","potentialAction":[{"@type":"SearchAction","target":{"@type":"EntryPoint","urlTemplate":"https:\/\/deadeimari.it\/de\/?s={search_term_string}"},"query-input":{"@type":"PropertyValueSpecification","valueRequired":true,"valueName":"search_term_string"}}],"inLanguage":"de"},{"@type":"Organization","@id":"https:\/\/deadeimari.it\/de\/#organization","name":"Dea dei Mari s.r.l.","alternateName":"deadeimari","url":"https:\/\/deadeimari.it\/de\/","logo":{"@type":"ImageObject","inLanguage":"de","@id":"https:\/\/deadeimari.it\/de\/#\/schema\/logo\/image\/","url":"https:\/\/deadeimari.it\/wp-content\/uploads\/2025\/03\/LOGO-DEA-DEI-MARI.jpg","contentUrl":"https:\/\/deadeimari.it\/wp-content\/uploads\/2025\/03\/LOGO-DEA-DEI-MARI.jpg","width":1500,"height":1500,"caption":"Dea dei Mari s.r.l."},"image":{"@id":"https:\/\/deadeimari.it\/de\/#\/schema\/logo\/image\/"},"sameAs":["https:\/\/it-it.facebook.com\/deadeimari"]}]}},"_links":{"self":[{"href":"https:\/\/deadeimari.it\/de\/wp-json\/wp\/v2\/pages\/5147","targetHints":{"allow":["GET"]}}],"collection":[{"href":"https:\/\/deadeimari.it\/de\/wp-json\/wp\/v2\/pages"}],"about":[{"href":"https:\/\/deadeimari.it\/de\/wp-json\/wp\/v2\/types\/page"}],"author":[{"embeddable":true,"href":"https:\/\/deadeimari.it\/de\/wp-json\/wp\/v2\/users\/1"}],"replies":[{"embeddable":true,"href":"https:\/\/deadeimari.it\/de\/wp-json\/wp\/v2\/comments?post=5147"}],"version-history":[{"count":0,"href":"https:\/\/deadeimari.it\/de\/wp-json\/wp\/v2\/pages\/5147\/revisions"}],"wp:attachment":[{"href":"https:\/\/deadeimari.it\/de\/wp-json\/wp\/v2\/media?parent=5147"}],"curies":[{"name":"wp","href":"https:\/\/api.w.org\/{rel}","templated":true}]}}