{"id":5940,"date":"2025-02-20T12:08:40","date_gmt":"2025-02-20T11:08:40","guid":{"rendered":"https:\/\/deadeimari.it\/le-nostre-barche-a-vela\/"},"modified":"2025-03-03T13:42:55","modified_gmt":"2025-03-03T12:42:55","slug":"unsere-segelboote","status":"publish","type":"page","link":"https:\/\/deadeimari.it\/de\/unsere-segelboote\/","title":{"rendered":"Unsere Segelboote"},"content":{"rendered":"\t\t<div data-elementor-type=\"wp-page\" data-elementor-id=\"5940\" class=\"elementor elementor-5940 elementor-5553\" data-elementor-post-type=\"page\">\n\t\t\t\t<div class=\"elementor-element elementor-element-d91bfd7 e-flex e-con-boxed e-con e-parent\" data-id=\"d91bfd7\" data-element_type=\"container\" data-e-type=\"container\">\n\t\t\t\t\t<div class=\"e-con-inner\">\n\t\t\t\t<div class=\"elementor-element elementor-element-f5203be elementor-widget elementor-widget-heading\" data-id=\"f5203be\" data-element_type=\"widget\" data-e-type=\"widget\" data-widget_type=\"heading.default\">\n\t\t\t\t<div class=\"elementor-widget-container\">\n\t\t\t\t\t<h2 class=\"elementor-heading-title elementor-size-default\">Unsere Segelboote<\/h2>\t\t\t\t<\/div>\n\t\t\t\t<\/div>\n\t\t\t\t\t<\/div>\n\t\t\t\t<\/div>\n\t\t<div class=\"elementor-element elementor-element-7ca9988 e-flex e-con-boxed e-con e-parent\" data-id=\"7ca9988\" data-element_type=\"container\" data-e-type=\"container\">\n\t\t\t\t\t<div class=\"e-con-inner\">\n\t\t<div class=\"elementor-element elementor-element-e1de0bb e-con-full e-flex e-con e-child\" data-id=\"e1de0bb\" data-element_type=\"container\" data-e-type=\"container\">\n\t\t\t\t<div class=\"elementor-element elementor-element-e0ac65e elementor-widget elementor-widget-heading\" data-id=\"e0ac65e\" data-element_type=\"widget\" data-e-type=\"widget\" data-widget_type=\"heading.default\">\n\t\t\t\t<div class=\"elementor-widget-container\">\n\t\t\t\t\t<h2 class=\"elementor-heading-title elementor-size-default\">Bavaria C 38'  \"Dea\"<\/h2>\t\t\t\t<\/div>\n\t\t\t\t<\/div>\n\t\t\t\t<div class=\"elementor-element elementor-element-580343c elementor-widget elementor-widget-image\" data-id=\"580343c\" data-element_type=\"widget\" data-e-type=\"widget\" data-widget_type=\"image.default\">\n\t\t\t\t<div class=\"elementor-widget-container\">\n\t\t\t\t\t\t\t\t\t\t\t\t\t\t\t<img fetchpriority=\"high\" decoding=\"async\" width=\"800\" height=\"305\" src=\"https:\/\/deadeimari.it\/wp-content\/uploads\/2023\/10\/bavaria-yachts-c38--1024x390.webp\" class=\"attachment-large size-large wp-image-4904\" alt=\"\" srcset=\"https:\/\/deadeimari.it\/wp-content\/uploads\/2023\/10\/bavaria-yachts-c38--1024x390.webp 1024w, https:\/\/deadeimari.it\/wp-content\/uploads\/2023\/10\/bavaria-yachts-c38--300x114.webp 300w, https:\/\/deadeimari.it\/wp-content\/uploads\/2023\/10\/bavaria-yachts-c38--768x293.webp 768w, https:\/\/deadeimari.it\/wp-content\/uploads\/2023\/10\/bavaria-yachts-c38-.webp 1486w\" sizes=\"(max-width: 800px) 100vw, 800px\" \/>\t\t\t\t\t\t\t\t\t\t\t\t\t\t\t<\/div>\n\t\t\t\t<\/div>\n\t\t\t\t<div class=\"elementor-element elementor-element-cc89162 elementor-widget elementor-widget-text-editor\" data-id=\"cc89162\" data-element_type=\"widget\" data-e-type=\"widget\" data-widget_type=\"text-editor.default\">\n\t\t\t\t<div class=\"elementor-widget-container\">\n\t\t\t\t\t\t\t\t\t<p>Die neue <strong>Bavaria C 38\u2032 Cossutti Line 2023<\/strong>, mit dem charakteristischen abgerundeten und volumin\u00f6sen \u201eV-Bug\u201c-Bug, dem scharfkantigen Rumpf,\u00a0<\/p>\t\t\t\t\t\t\t\t<\/div>\n\t\t\t\t<\/div>\n\t\t\t\t<div class=\"elementor-element elementor-element-71b31e3 elementor-align-center elementor-widget elementor-widget-button\" data-id=\"71b31e3\" data-element_type=\"widget\" data-e-type=\"widget\" data-settings=\"{&quot;_animation&quot;:&quot;none&quot;}\" data-widget_type=\"button.default\">\n\t\t\t\t<div class=\"elementor-widget-container\">\n\t\t\t\t\t\t\t\t\t<div class=\"elementor-button-wrapper\">\n\t\t\t\t\t<a class=\"elementor-button elementor-button-link elementor-size-sm elementor-animation-grow\" href=\"https:\/\/deadeimari.it\/de\/bavaria-38-dea\/\">\n\t\t\t\t\t\t<span class=\"elementor-button-content-wrapper\">\n\t\t\t\t\t\t\t\t\t<span class=\"elementor-button-text\">Siehe Boot<\/span>\n\t\t\t\t\t<\/span>\n\t\t\t\t\t<\/a>\n\t\t\t\t<\/div>\n\t\t\t\t\t\t\t\t<\/div>\n\t\t\t\t<\/div>\n\t\t\t\t<\/div>\n\t\t<div class=\"elementor-element elementor-element-789a77c e-con-full e-flex e-con e-child\" data-id=\"789a77c\" data-element_type=\"container\" data-e-type=\"container\">\n\t\t\t\t<div class=\"elementor-element elementor-element-69e3314 elementor-widget elementor-widget-heading\" data-id=\"69e3314\" data-element_type=\"widget\" data-e-type=\"widget\" data-widget_type=\"heading.default\">\n\t\t\t\t<div class=\"elementor-widget-container\">\n\t\t\t\t\t<h2 class=\"elementor-heading-title elementor-size-default\">Bavaria 46' Cruiser \" Thetis\"<\/h2>\t\t\t\t<\/div>\n\t\t\t\t<\/div>\n\t\t\t\t<div class=\"elementor-element elementor-element-e5edf17 elementor-widget elementor-widget-image\" data-id=\"e5edf17\" data-element_type=\"widget\" data-e-type=\"widget\" data-widget_type=\"image.default\">\n\t\t\t\t<div class=\"elementor-widget-container\">\n\t\t\t\t\t\t\t\t\t\t\t\t\t\t\t<img decoding=\"async\" width=\"800\" height=\"305\" src=\"https:\/\/deadeimari.it\/wp-content\/uploads\/2022\/01\/Bavaria-46-2-1024x390.webp\" class=\"attachment-large size-large wp-image-4640\" alt=\"\" srcset=\"https:\/\/deadeimari.it\/wp-content\/uploads\/2022\/01\/Bavaria-46-2-1024x390.webp 1024w, https:\/\/deadeimari.it\/wp-content\/uploads\/2022\/01\/Bavaria-46-2-300x114.webp 300w, https:\/\/deadeimari.it\/wp-content\/uploads\/2022\/01\/Bavaria-46-2-768x293.webp 768w, https:\/\/deadeimari.it\/wp-content\/uploads\/2022\/01\/Bavaria-46-2.webp 1486w\" sizes=\"(max-width: 800px) 100vw, 800px\" \/>\t\t\t\t\t\t\t\t\t\t\t\t\t\t\t<\/div>\n\t\t\t\t<\/div>\n\t\t\t\t<div class=\"elementor-element elementor-element-595f5a0 elementor-widget elementor-widget-text-editor\" data-id=\"595f5a0\" data-element_type=\"widget\" data-e-type=\"widget\" data-widget_type=\"text-editor.default\">\n\t\t\t\t<div class=\"elementor-widget-container\">\n\t\t\t\t\t\t\t\t\t<p>Nicht nur bequem. Dieses Modell ist in Design und Planung raffinierter als seine Vorg\u00e4nger und weist besonders ausgepr\u00e4gte &#8230;.<\/p>\t\t\t\t\t\t\t\t<\/div>\n\t\t\t\t<\/div>\n\t\t\t\t<div class=\"elementor-element elementor-element-79e50e8 elementor-align-center elementor-widget elementor-widget-button\" data-id=\"79e50e8\" data-element_type=\"widget\" data-e-type=\"widget\" data-settings=\"{&quot;_animation&quot;:&quot;none&quot;}\" data-widget_type=\"button.default\">\n\t\t\t\t<div class=\"elementor-widget-container\">\n\t\t\t\t\t\t\t\t\t<div class=\"elementor-button-wrapper\">\n\t\t\t\t\t<a class=\"elementor-button elementor-button-link elementor-size-sm elementor-animation-grow\" href=\"https:\/\/deadeimari.it\/de\/bavaria-46-cruiser-thetis\/\">\n\t\t\t\t\t\t<span class=\"elementor-button-content-wrapper\">\n\t\t\t\t\t\t\t\t\t<span class=\"elementor-button-text\">Siehe Boot<\/span>\n\t\t\t\t\t<\/span>\n\t\t\t\t\t<\/a>\n\t\t\t\t<\/div>\n\t\t\t\t\t\t\t\t<\/div>\n\t\t\t\t<\/div>\n\t\t\t\t<\/div>\n\t\t\t\t\t<\/div>\n\t\t\t\t<\/div>\n\t\t<div class=\"elementor-element elementor-element-d93b29c e-flex e-con-boxed e-con e-parent\" data-id=\"d93b29c\" data-element_type=\"container\" data-e-type=\"container\">\n\t\t\t\t\t<div class=\"e-con-inner\">\n\t\t<div class=\"elementor-element elementor-element-46bda02 e-con-full e-flex e-con e-child\" data-id=\"46bda02\" data-element_type=\"container\" data-e-type=\"container\">\n\t\t\t\t<div class=\"elementor-element elementor-element-e3fdf2f elementor-widget elementor-widget-heading\" data-id=\"e3fdf2f\" data-element_type=\"widget\" data-e-type=\"widget\" data-widget_type=\"heading.default\">\n\t\t\t\t<div class=\"elementor-widget-container\">\n\t\t\t\t\t<h2 class=\"elementor-heading-title elementor-size-default\">Bavaria 50' Cruiser \"La Vagabonda\"<\/h2>\t\t\t\t<\/div>\n\t\t\t\t<\/div>\n\t\t\t\t<div class=\"elementor-element elementor-element-bf97a42 elementor-widget elementor-widget-image\" data-id=\"bf97a42\" data-element_type=\"widget\" data-e-type=\"widget\" data-widget_type=\"image.default\">\n\t\t\t\t<div class=\"elementor-widget-container\">\n\t\t\t\t\t\t\t\t\t\t\t\t\t\t\t<img decoding=\"async\" width=\"800\" height=\"305\" src=\"https:\/\/deadeimari.it\/wp-content\/uploads\/2022\/01\/Bavaria-50-1024x390.webp\" class=\"attachment-large size-large wp-image-4638\" alt=\"\" srcset=\"https:\/\/deadeimari.it\/wp-content\/uploads\/2022\/01\/Bavaria-50-1024x390.webp 1024w, https:\/\/deadeimari.it\/wp-content\/uploads\/2022\/01\/Bavaria-50-300x114.webp 300w, https:\/\/deadeimari.it\/wp-content\/uploads\/2022\/01\/Bavaria-50-768x293.webp 768w, https:\/\/deadeimari.it\/wp-content\/uploads\/2022\/01\/Bavaria-50.webp 1486w\" sizes=\"(max-width: 800px) 100vw, 800px\" \/>\t\t\t\t\t\t\t\t\t\t\t\t\t\t\t<\/div>\n\t\t\t\t<\/div>\n\t\t\t\t<div class=\"elementor-element elementor-element-55d7158 elementor-widget elementor-widget-text-editor\" data-id=\"55d7158\" data-element_type=\"widget\" data-e-type=\"widget\" data-widget_type=\"text-editor.default\">\n\t\t\t\t<div class=\"elementor-widget-container\">\n\t\t\t\t\t\t\t\t\t<p>Es ist das ideale Boot f\u00fcr diejenigen, die einen Urlaub auf See verbringen m\u00f6chten, dank der 5 Doppelkabinen mit Kleiderschr\u00e4nken&#8230;.<\/p>\t\t\t\t\t\t\t\t<\/div>\n\t\t\t\t<\/div>\n\t\t\t\t<div class=\"elementor-element elementor-element-03e9efd elementor-align-center elementor-widget elementor-widget-button\" data-id=\"03e9efd\" data-element_type=\"widget\" data-e-type=\"widget\" data-settings=\"{&quot;_animation&quot;:&quot;none&quot;}\" data-widget_type=\"button.default\">\n\t\t\t\t<div class=\"elementor-widget-container\">\n\t\t\t\t\t\t\t\t\t<div class=\"elementor-button-wrapper\">\n\t\t\t\t\t<a class=\"elementor-button elementor-button-link elementor-size-sm elementor-animation-grow\" href=\"https:\/\/deadeimari.it\/de\/bavaria-50-cruiser-la-vagabonda\/\">\n\t\t\t\t\t\t<span class=\"elementor-button-content-wrapper\">\n\t\t\t\t\t\t\t\t\t<span class=\"elementor-button-text\">Siehe Boot<\/span>\n\t\t\t\t\t<\/span>\n\t\t\t\t\t<\/a>\n\t\t\t\t<\/div>\n\t\t\t\t\t\t\t\t<\/div>\n\t\t\t\t<\/div>\n\t\t\t\t<\/div>\n\t\t<div class=\"elementor-element elementor-element-a18143e e-con-full e-flex e-con e-child\" data-id=\"a18143e\" data-element_type=\"container\" data-e-type=\"container\">\n\t\t\t\t<div class=\"elementor-element elementor-element-feb424b elementor-widget elementor-widget-heading\" data-id=\"feb424b\" data-element_type=\"widget\" data-e-type=\"widget\" data-widget_type=\"heading.default\">\n\t\t\t\t<div class=\"elementor-widget-container\">\n\t\t\t\t\t<h2 class=\"elementor-heading-title elementor-size-default\">Bavaria 50 Cruiser \"Daphne\"\n<\/h2>\t\t\t\t<\/div>\n\t\t\t\t<\/div>\n\t\t\t\t<div class=\"elementor-element elementor-element-8d12fba elementor-widget elementor-widget-image\" data-id=\"8d12fba\" data-element_type=\"widget\" data-e-type=\"widget\" data-widget_type=\"image.default\">\n\t\t\t\t<div class=\"elementor-widget-container\">\n\t\t\t\t\t\t\t\t\t\t\t\t\t\t\t<img loading=\"lazy\" decoding=\"async\" width=\"800\" height=\"305\" src=\"https:\/\/deadeimari.it\/wp-content\/uploads\/2022\/01\/Bavaria-46-1-1024x390.webp\" class=\"attachment-large size-large wp-image-4639\" alt=\"\" srcset=\"https:\/\/deadeimari.it\/wp-content\/uploads\/2022\/01\/Bavaria-46-1-1024x390.webp 1024w, https:\/\/deadeimari.it\/wp-content\/uploads\/2022\/01\/Bavaria-46-1-300x114.webp 300w, https:\/\/deadeimari.it\/wp-content\/uploads\/2022\/01\/Bavaria-46-1-768x293.webp 768w, https:\/\/deadeimari.it\/wp-content\/uploads\/2022\/01\/Bavaria-46-1.webp 1486w\" sizes=\"(max-width: 800px) 100vw, 800px\" \/>\t\t\t\t\t\t\t\t\t\t\t\t\t\t\t<\/div>\n\t\t\t\t<\/div>\n\t\t\t\t<div class=\"elementor-element elementor-element-6024682 elementor-widget elementor-widget-text-editor\" data-id=\"6024682\" data-element_type=\"widget\" data-e-type=\"widget\" data-widget_type=\"text-editor.default\">\n\t\t\t\t<div class=\"elementor-widget-container\">\n\t\t\t\t\t\t\t\t\t<p>Flaggschiff der Bayern, mit Doppelruder, kompletter Sonderausstattung, Bugstrahlruder, gro\u00dfem Wohnraum an Bord und guten Segeleigenschaften.<\/p>\t\t\t\t\t\t\t\t<\/div>\n\t\t\t\t<\/div>\n\t\t\t\t<div class=\"elementor-element elementor-element-27c0159 elementor-align-center elementor-widget elementor-widget-button\" data-id=\"27c0159\" data-element_type=\"widget\" data-e-type=\"widget\" data-settings=\"{&quot;_animation&quot;:&quot;none&quot;}\" data-widget_type=\"button.default\">\n\t\t\t\t<div class=\"elementor-widget-container\">\n\t\t\t\t\t\t\t\t\t<div class=\"elementor-button-wrapper\">\n\t\t\t\t\t<a class=\"elementor-button elementor-button-link elementor-size-sm elementor-animation-grow\" href=\"https:\/\/deadeimari.it\/de\/bavaria-50-cruiser-daphne\/\">\n\t\t\t\t\t\t<span class=\"elementor-button-content-wrapper\">\n\t\t\t\t\t\t\t\t\t<span class=\"elementor-button-text\">Siehe Boot<\/span>\n\t\t\t\t\t<\/span>\n\t\t\t\t\t<\/a>\n\t\t\t\t<\/div>\n\t\t\t\t\t\t\t\t<\/div>\n\t\t\t\t<\/div>\n\t\t\t\t<\/div>\n\t\t\t\t\t<\/div>\n\t\t\t\t<\/div>\n\t\t<div class=\"elementor-element elementor-element-1ebe097 e-flex e-con-boxed e-con e-parent\" data-id=\"1ebe097\" data-element_type=\"container\" data-e-type=\"container\">\n\t\t\t\t\t<div class=\"e-con-inner\">\n\t\t<div class=\"elementor-element elementor-element-6802234 e-con-full e-flex e-con e-child\" data-id=\"6802234\" data-element_type=\"container\" data-e-type=\"container\">\n\t\t\t\t<div class=\"elementor-element elementor-element-a204cba elementor-widget elementor-widget-heading\" data-id=\"a204cba\" data-element_type=\"widget\" data-e-type=\"widget\" data-widget_type=\"heading.default\">\n\t\t\t\t<div class=\"elementor-widget-container\">\n\t\t\t\t\t<h2 class=\"elementor-heading-title elementor-size-default\">Bavaria 45' Cruiser \"Cloe\"<\/h2>\t\t\t\t<\/div>\n\t\t\t\t<\/div>\n\t\t\t\t<div class=\"elementor-element elementor-element-1e749da elementor-widget elementor-widget-image\" data-id=\"1e749da\" data-element_type=\"widget\" data-e-type=\"widget\" data-widget_type=\"image.default\">\n\t\t\t\t<div class=\"elementor-widget-container\">\n\t\t\t\t\t\t\t\t\t\t\t\t\t\t\t<img loading=\"lazy\" decoding=\"async\" width=\"800\" height=\"280\" src=\"https:\/\/deadeimari.it\/wp-content\/uploads\/2025\/02\/Bavaria-Cruiser-45.webp\" class=\"attachment-large size-large wp-image-5706\" alt=\"\" srcset=\"https:\/\/deadeimari.it\/wp-content\/uploads\/2025\/02\/Bavaria-Cruiser-45.webp 1000w, https:\/\/deadeimari.it\/wp-content\/uploads\/2025\/02\/Bavaria-Cruiser-45-300x105.webp 300w, https:\/\/deadeimari.it\/wp-content\/uploads\/2025\/02\/Bavaria-Cruiser-45-768x269.webp 768w\" sizes=\"(max-width: 800px) 100vw, 800px\" \/>\t\t\t\t\t\t\t\t\t\t\t\t\t\t\t<\/div>\n\t\t\t\t<\/div>\n\t\t\t\t<div class=\"elementor-element elementor-element-e6115eb elementor-widget elementor-widget-text-editor\" data-id=\"e6115eb\" data-element_type=\"widget\" data-e-type=\"widget\" data-widget_type=\"text-editor.default\">\n\t\t\t\t<div class=\"elementor-widget-container\">\n\t\t\t\t\t\t\t\t\t<p>Kein anderes Segelboot in seiner Kategorie bietet mehr Platz, mehr Komfort und ist so einfach zu steuern wie die Bavaria Cruiser 45\u2032 Cruiser \u201eCloe\u201c.<\/p>\t\t\t\t\t\t\t\t<\/div>\n\t\t\t\t<\/div>\n\t\t\t\t<div class=\"elementor-element elementor-element-010197f elementor-align-center elementor-widget elementor-widget-button\" data-id=\"010197f\" data-element_type=\"widget\" data-e-type=\"widget\" data-settings=\"{&quot;_animation&quot;:&quot;none&quot;}\" data-widget_type=\"button.default\">\n\t\t\t\t<div class=\"elementor-widget-container\">\n\t\t\t\t\t\t\t\t\t<div class=\"elementor-button-wrapper\">\n\t\t\t\t\t<a class=\"elementor-button elementor-button-link elementor-size-sm elementor-animation-grow\" href=\"https:\/\/deadeimari.it\/de\/bavaria-45-cruiser-cloe\/\">\n\t\t\t\t\t\t<span class=\"elementor-button-content-wrapper\">\n\t\t\t\t\t\t\t\t\t<span class=\"elementor-button-text\">Siehe Boot<\/span>\n\t\t\t\t\t<\/span>\n\t\t\t\t\t<\/a>\n\t\t\t\t<\/div>\n\t\t\t\t\t\t\t\t<\/div>\n\t\t\t\t<\/div>\n\t\t\t\t<\/div>\n\t\t<div class=\"elementor-element elementor-element-0a7585d e-con-full e-flex e-con e-child\" data-id=\"0a7585d\" data-element_type=\"container\" data-e-type=\"container\">\n\t\t\t\t<\/div>\n\t\t\t\t\t<\/div>\n\t\t\t\t<\/div>\n\t\t\t\t<\/div>\n\t\t","protected":false},"excerpt":{"rendered":"<p>Unsere Segelboote Bavaria C 38&#8242; &#8222;Dea&#8220; Die neue Bavaria C 38\u2032 Cossutti Line 2023, mit dem charakteristischen abgerundeten und volumin\u00f6sen \u201eV-Bug\u201c-Bug, dem scharfkantigen Rumpf, Siehe Boot Bavaria 46&#8242; Cruiser &#8220; Thetis&#8220; Nicht nur bequem. Dieses Modell ist in Design und Planung raffinierter als seine Vorg\u00e4nger und weist besonders ausgepr\u00e4gte &#8230;. Siehe Boot Bavaria 50&#8242; Cruiser [&hellip;]<\/p>\n","protected":false},"author":1,"featured_media":0,"parent":0,"menu_order":0,"comment_status":"closed","ping_status":"closed","template":"","meta":{"footnotes":""},"class_list":["post-5940","page","type-page","status-publish","hentry"],"yoast_head":"<!-- This site is optimized with the Yoast SEO plugin v27.3 - https:\/\/yoast.com\/product\/yoast-seo-wordpress\/ -->\n<title>Unsere Segelboote - Dea dei Mari<\/title>\n<meta name=\"robots\" content=\"index, follow, max-snippet:-1, max-image-preview:large, max-video-preview:-1\" \/>\n<link rel=\"canonical\" href=\"https:\/\/deadeimari.it\/de\/unsere-segelboote\/\" \/>\n<meta property=\"og:locale\" content=\"de_DE\" \/>\n<meta property=\"og:type\" content=\"article\" \/>\n<meta property=\"og:title\" content=\"Unsere Segelboote - Dea dei Mari\" \/>\n<meta property=\"og:description\" content=\"Unsere Segelboote Bavaria C 38&#8242; &#8222;Dea&#8220; Die neue Bavaria C 38\u2032 Cossutti Line 2023, mit dem charakteristischen abgerundeten und volumin\u00f6sen \u201eV-Bug\u201c-Bug, dem scharfkantigen Rumpf, Siehe Boot Bavaria 46&#8242; Cruiser &#8220; Thetis&#8220; Nicht nur bequem. Dieses Modell ist in Design und Planung raffinierter als seine Vorg\u00e4nger und weist besonders ausgepr\u00e4gte &#8230;. Siehe Boot Bavaria 50&#8242; Cruiser [&hellip;]\" \/>\n<meta property=\"og:url\" content=\"https:\/\/deadeimari.it\/de\/unsere-segelboote\/\" \/>\n<meta property=\"og:site_name\" content=\"Dea dei Mari\" \/>\n<meta property=\"article:publisher\" content=\"https:\/\/it-it.facebook.com\/deadeimari\" \/>\n<meta property=\"article:modified_time\" content=\"2025-03-03T12:42:55+00:00\" \/>\n<meta property=\"og:image\" content=\"https:\/\/deadeimari.it\/wp-content\/uploads\/2023\/10\/bavaria-yachts-c38--1024x390.webp\" \/>\n<meta name=\"twitter:card\" content=\"summary_large_image\" \/>\n<meta name=\"twitter:label1\" content=\"Gesch\u00e4tzte Lesezeit\" \/>\n\t<meta name=\"twitter:data1\" content=\"2\u00a0Minuten\" \/>\n<script type=\"application\/ld+json\" class=\"yoast-schema-graph\">{\"@context\":\"https:\\\/\\\/schema.org\",\"@graph\":[{\"@type\":\"WebPage\",\"@id\":\"https:\\\/\\\/deadeimari.it\\\/de\\\/unsere-segelboote\\\/\",\"url\":\"https:\\\/\\\/deadeimari.it\\\/de\\\/unsere-segelboote\\\/\",\"name\":\"Unsere Segelboote - Dea dei Mari\",\"isPartOf\":{\"@id\":\"https:\\\/\\\/deadeimari.it\\\/de\\\/#website\"},\"primaryImageOfPage\":{\"@id\":\"https:\\\/\\\/deadeimari.it\\\/de\\\/unsere-segelboote\\\/#primaryimage\"},\"image\":{\"@id\":\"https:\\\/\\\/deadeimari.it\\\/de\\\/unsere-segelboote\\\/#primaryimage\"},\"thumbnailUrl\":\"https:\\\/\\\/deadeimari.it\\\/wp-content\\\/uploads\\\/2023\\\/10\\\/bavaria-yachts-c38--1024x390.webp\",\"datePublished\":\"2025-02-20T11:08:40+00:00\",\"dateModified\":\"2025-03-03T12:42:55+00:00\",\"breadcrumb\":{\"@id\":\"https:\\\/\\\/deadeimari.it\\\/de\\\/unsere-segelboote\\\/#breadcrumb\"},\"inLanguage\":\"de\",\"potentialAction\":[{\"@type\":\"ReadAction\",\"target\":[\"https:\\\/\\\/deadeimari.it\\\/de\\\/unsere-segelboote\\\/\"]}]},{\"@type\":\"ImageObject\",\"inLanguage\":\"de\",\"@id\":\"https:\\\/\\\/deadeimari.it\\\/de\\\/unsere-segelboote\\\/#primaryimage\",\"url\":\"https:\\\/\\\/deadeimari.it\\\/wp-content\\\/uploads\\\/2023\\\/10\\\/bavaria-yachts-c38--1024x390.webp\",\"contentUrl\":\"https:\\\/\\\/deadeimari.it\\\/wp-content\\\/uploads\\\/2023\\\/10\\\/bavaria-yachts-c38--1024x390.webp\"},{\"@type\":\"BreadcrumbList\",\"@id\":\"https:\\\/\\\/deadeimari.it\\\/de\\\/unsere-segelboote\\\/#breadcrumb\",\"itemListElement\":[{\"@type\":\"ListItem\",\"position\":1,\"name\":\"Home\",\"item\":\"https:\\\/\\\/deadeimari.it\\\/de\\\/\"},{\"@type\":\"ListItem\",\"position\":2,\"name\":\"Unsere Segelboote\"}]},{\"@type\":\"WebSite\",\"@id\":\"https:\\\/\\\/deadeimari.it\\\/de\\\/#website\",\"url\":\"https:\\\/\\\/deadeimari.it\\\/de\\\/\",\"name\":\"Dea dei Mari\",\"description\":\"Noleggio barche a vela La Spezia, Portovenere, Fezzano e Castiglioncello.\",\"publisher\":{\"@id\":\"https:\\\/\\\/deadeimari.it\\\/de\\\/#organization\"},\"alternateName\":\"deadeimari\",\"potentialAction\":[{\"@type\":\"SearchAction\",\"target\":{\"@type\":\"EntryPoint\",\"urlTemplate\":\"https:\\\/\\\/deadeimari.it\\\/de\\\/?s={search_term_string}\"},\"query-input\":{\"@type\":\"PropertyValueSpecification\",\"valueRequired\":true,\"valueName\":\"search_term_string\"}}],\"inLanguage\":\"de\"},{\"@type\":\"Organization\",\"@id\":\"https:\\\/\\\/deadeimari.it\\\/de\\\/#organization\",\"name\":\"Dea dei Mari s.r.l.\",\"alternateName\":\"deadeimari\",\"url\":\"https:\\\/\\\/deadeimari.it\\\/de\\\/\",\"logo\":{\"@type\":\"ImageObject\",\"inLanguage\":\"de\",\"@id\":\"https:\\\/\\\/deadeimari.it\\\/de\\\/#\\\/schema\\\/logo\\\/image\\\/\",\"url\":\"https:\\\/\\\/deadeimari.it\\\/wp-content\\\/uploads\\\/2025\\\/03\\\/LOGO-DEA-DEI-MARI.jpg\",\"contentUrl\":\"https:\\\/\\\/deadeimari.it\\\/wp-content\\\/uploads\\\/2025\\\/03\\\/LOGO-DEA-DEI-MARI.jpg\",\"width\":1500,\"height\":1500,\"caption\":\"Dea dei Mari s.r.l.\"},\"image\":{\"@id\":\"https:\\\/\\\/deadeimari.it\\\/de\\\/#\\\/schema\\\/logo\\\/image\\\/\"},\"sameAs\":[\"https:\\\/\\\/it-it.facebook.com\\\/deadeimari\"]}]}<\/script>\n<!-- \/ Yoast SEO plugin. -->","yoast_head_json":{"title":"Unsere Segelboote - Dea dei Mari","robots":{"index":"index","follow":"follow","max-snippet":"max-snippet:-1","max-image-preview":"max-image-preview:large","max-video-preview":"max-video-preview:-1"},"canonical":"https:\/\/deadeimari.it\/de\/unsere-segelboote\/","og_locale":"de_DE","og_type":"article","og_title":"Unsere Segelboote - Dea dei Mari","og_description":"Unsere Segelboote Bavaria C 38&#8242; &#8222;Dea&#8220; Die neue Bavaria C 38\u2032 Cossutti Line 2023, mit dem charakteristischen abgerundeten und volumin\u00f6sen \u201eV-Bug\u201c-Bug, dem scharfkantigen Rumpf, Siehe Boot Bavaria 46&#8242; Cruiser &#8220; Thetis&#8220; Nicht nur bequem. Dieses Modell ist in Design und Planung raffinierter als seine Vorg\u00e4nger und weist besonders ausgepr\u00e4gte &#8230;. Siehe Boot Bavaria 50&#8242; Cruiser [&hellip;]","og_url":"https:\/\/deadeimari.it\/de\/unsere-segelboote\/","og_site_name":"Dea dei Mari","article_publisher":"https:\/\/it-it.facebook.com\/deadeimari","article_modified_time":"2025-03-03T12:42:55+00:00","og_image":[{"url":"https:\/\/deadeimari.it\/wp-content\/uploads\/2023\/10\/bavaria-yachts-c38--1024x390.webp","type":"","width":"","height":""}],"twitter_card":"summary_large_image","twitter_misc":{"Gesch\u00e4tzte Lesezeit":"2\u00a0Minuten"},"schema":{"@context":"https:\/\/schema.org","@graph":[{"@type":"WebPage","@id":"https:\/\/deadeimari.it\/de\/unsere-segelboote\/","url":"https:\/\/deadeimari.it\/de\/unsere-segelboote\/","name":"Unsere Segelboote - Dea dei Mari","isPartOf":{"@id":"https:\/\/deadeimari.it\/de\/#website"},"primaryImageOfPage":{"@id":"https:\/\/deadeimari.it\/de\/unsere-segelboote\/#primaryimage"},"image":{"@id":"https:\/\/deadeimari.it\/de\/unsere-segelboote\/#primaryimage"},"thumbnailUrl":"https:\/\/deadeimari.it\/wp-content\/uploads\/2023\/10\/bavaria-yachts-c38--1024x390.webp","datePublished":"2025-02-20T11:08:40+00:00","dateModified":"2025-03-03T12:42:55+00:00","breadcrumb":{"@id":"https:\/\/deadeimari.it\/de\/unsere-segelboote\/#breadcrumb"},"inLanguage":"de","potentialAction":[{"@type":"ReadAction","target":["https:\/\/deadeimari.it\/de\/unsere-segelboote\/"]}]},{"@type":"ImageObject","inLanguage":"de","@id":"https:\/\/deadeimari.it\/de\/unsere-segelboote\/#primaryimage","url":"https:\/\/deadeimari.it\/wp-content\/uploads\/2023\/10\/bavaria-yachts-c38--1024x390.webp","contentUrl":"https:\/\/deadeimari.it\/wp-content\/uploads\/2023\/10\/bavaria-yachts-c38--1024x390.webp"},{"@type":"BreadcrumbList","@id":"https:\/\/deadeimari.it\/de\/unsere-segelboote\/#breadcrumb","itemListElement":[{"@type":"ListItem","position":1,"name":"Home","item":"https:\/\/deadeimari.it\/de\/"},{"@type":"ListItem","position":2,"name":"Unsere Segelboote"}]},{"@type":"WebSite","@id":"https:\/\/deadeimari.it\/de\/#website","url":"https:\/\/deadeimari.it\/de\/","name":"Dea dei Mari","description":"Noleggio barche a vela La Spezia, Portovenere, Fezzano e Castiglioncello.","publisher":{"@id":"https:\/\/deadeimari.it\/de\/#organization"},"alternateName":"deadeimari","potentialAction":[{"@type":"SearchAction","target":{"@type":"EntryPoint","urlTemplate":"https:\/\/deadeimari.it\/de\/?s={search_term_string}"},"query-input":{"@type":"PropertyValueSpecification","valueRequired":true,"valueName":"search_term_string"}}],"inLanguage":"de"},{"@type":"Organization","@id":"https:\/\/deadeimari.it\/de\/#organization","name":"Dea dei Mari s.r.l.","alternateName":"deadeimari","url":"https:\/\/deadeimari.it\/de\/","logo":{"@type":"ImageObject","inLanguage":"de","@id":"https:\/\/deadeimari.it\/de\/#\/schema\/logo\/image\/","url":"https:\/\/deadeimari.it\/wp-content\/uploads\/2025\/03\/LOGO-DEA-DEI-MARI.jpg","contentUrl":"https:\/\/deadeimari.it\/wp-content\/uploads\/2025\/03\/LOGO-DEA-DEI-MARI.jpg","width":1500,"height":1500,"caption":"Dea dei Mari s.r.l."},"image":{"@id":"https:\/\/deadeimari.it\/de\/#\/schema\/logo\/image\/"},"sameAs":["https:\/\/it-it.facebook.com\/deadeimari"]}]}},"_links":{"self":[{"href":"https:\/\/deadeimari.it\/de\/wp-json\/wp\/v2\/pages\/5940","targetHints":{"allow":["GET"]}}],"collection":[{"href":"https:\/\/deadeimari.it\/de\/wp-json\/wp\/v2\/pages"}],"about":[{"href":"https:\/\/deadeimari.it\/de\/wp-json\/wp\/v2\/types\/page"}],"author":[{"embeddable":true,"href":"https:\/\/deadeimari.it\/de\/wp-json\/wp\/v2\/users\/1"}],"replies":[{"embeddable":true,"href":"https:\/\/deadeimari.it\/de\/wp-json\/wp\/v2\/comments?post=5940"}],"version-history":[{"count":0,"href":"https:\/\/deadeimari.it\/de\/wp-json\/wp\/v2\/pages\/5940\/revisions"}],"wp:attachment":[{"href":"https:\/\/deadeimari.it\/de\/wp-json\/wp\/v2\/media?parent=5940"}],"curies":[{"name":"wp","href":"https:\/\/api.w.org\/{rel}","templated":true}]}}